{"id":155,"date":"2015-10-16T12:18:13","date_gmt":"2015-10-16T11:18:13","guid":{"rendered":"http:\/\/www.bagasutra.com\/?post_type=product&#038;p=155"},"modified":"2020-09-15T16:51:31","modified_gmt":"2020-09-15T15:51:31","slug":"prends-garde-a-toi-3","status":"publish","type":"product","link":"https:\/\/www.bagasutra.com\/?product=prends-garde-a-toi-3","title":{"rendered":"PRENDS GARDE A TOI cuir v\u00e9g\u00e9tal blanc"},"content":{"rendered":"<p dir=\"LTR\" align=\"LEFT\">Dimensions 8*15 cm avec rabat et double soufflet<\/p>\n<p dir=\"LTR\" align=\"LEFT\">Fermeture s\u00e9curis\u00e9e par \u00e9lastique<\/p>\n<p dir=\"LTR\" align=\"LEFT\">Cuir vachette blanc, tannage v\u00e9g\u00e9tal<\/p>\n<p dir=\"LTR\" align=\"LEFT\">Ref PGAT\/ VE blanc<\/p>\n<p dir=\"LTR\" align=\"LEFT\">Son +: La mari\u00e9e peut dire &#8220;oui&#8221; en toute l\u00e9g\u00e8ret\u00e9!<\/p>\n<p dir=\"LTR\" align=\"LEFT\">\u00a0<\/p>\n","protected":false},"excerpt":{"rendered":"<p>Dimensions 8*15 cm avec rabat et double soufflet Fermeture s\u00e9curis\u00e9e par \u00e9lastique Cuir vachette blanc, tannage v\u00e9g\u00e9tal Ref PGAT\/ VE blanc Son +: La mari\u00e9e peut dire &#8220;oui&#8221; en toute l\u00e9g\u00e8ret\u00e9! \u00a0<\/p>\n","protected":false},"featured_media":984,"comment_status":"closed","ping_status":"closed","template":"","meta":{"spay_email":"","jetpack_publicize_message":"","jetpack_is_tweetstorm":false},"jetpack_publicize_connections":[],"yoast_head":"<!-- This site is optimized with the Yoast SEO plugin v15.4 - https:\/\/yoast.com\/wordpress\/plugins\/seo\/ -->\n<title>PRENDS GARDE A TOI cuir v\u00e9g\u00e9tal blanc - Bagasutra Paris<\/title>\n<meta name=\"description\" content=\"PRENDS GARDE A TOI est une pochette en cuir additionnable de la marque BAGaSUTRA.\" \/>\n<meta name=\"robots\" content=\"index, follow, max-snippet:-1, max-image-preview:large, max-video-preview:-1\" \/>\n<link rel=\"canonical\" href=\"http:\/\/www.bagasutra.com\/?product=prends-garde-a-toi-3\" \/>\n<meta property=\"og:locale\" content=\"fr_FR\" \/>\n<meta property=\"og:type\" content=\"article\" \/>\n<meta property=\"og:title\" content=\"PRENDS GARDE A TOI cuir v\u00e9g\u00e9tal blanc - Bagasutra Paris\" \/>\n<meta property=\"og:description\" content=\"PRENDS GARDE A TOI est une pochette en cuir additionnable de la marque BAGaSUTRA.\" \/>\n<meta property=\"og:url\" content=\"http:\/\/www.bagasutra.com\/?product=prends-garde-a-toi-3\" \/>\n<meta property=\"og:site_name\" content=\"Bagasutra Paris\" \/>\n<meta property=\"article:publisher\" content=\"https:\/\/www.facebook.com\/Bagasutra-1613332955615983\" \/>\n<meta property=\"article:modified_time\" content=\"2020-09-15T15:51:31+00:00\" \/>\n<meta property=\"og:image\" content=\"https:\/\/i0.wp.com\/www.bagasutra.com\/wp-content\/uploads\/2016\/01\/BAGaSUTRA-cuir-vegetal-blanc-PGTV.jpg?fit=600%2C600&#038;ssl=1\" \/>\n\t<meta property=\"og:image:width\" content=\"600\" \/>\n\t<meta property=\"og:image:height\" content=\"600\" \/>\n<meta name=\"twitter:card\" content=\"summary\" \/>\n<meta name=\"twitter:label1\" content=\"\u00c9crit par\">\n\t<meta name=\"twitter:data1\" content=\"Catherine\">\n\t<meta name=\"twitter:label2\" content=\"Dur\u00e9e de lecture est.\">\n\t<meta name=\"twitter:data2\" content=\"0 minute\">\n<script type=\"application\/ld+json\" class=\"yoast-schema-graph\">{\"@context\":\"https:\/\/schema.org\",\"@graph\":[{\"@type\":\"WebSite\",\"@id\":\"http:\/\/www.bagasutra.com\/?lang=en\/#website\",\"url\":\"http:\/\/www.bagasutra.com\/?lang=en\/\",\"name\":\"Bagasutra Paris\",\"description\":\"BAGaSUTRA n&#039;est pas le sac d&#039;un seul soir\",\"potentialAction\":[{\"@type\":\"SearchAction\",\"target\":\"http:\/\/www.bagasutra.com\/?lang=en\/?s={search_term_string}\",\"query-input\":\"required name=search_term_string\"}],\"inLanguage\":\"fr-FR\"},{\"@type\":\"ImageObject\",\"@id\":\"http:\/\/www.bagasutra.com\/?product=prends-garde-a-toi-3#primaryimage\",\"inLanguage\":\"fr-FR\",\"url\":\"https:\/\/i0.wp.com\/www.bagasutra.com\/wp-content\/uploads\/2016\/01\/BAGaSUTRA-cuir-vegetal-blanc-PGTV.jpg?fit=600%2C600&ssl=1\",\"width\":600,\"height\":600,\"caption\":\"BAGaSUTRA-cuir-vegetal-blanc-PGTV\"},{\"@type\":\"WebPage\",\"@id\":\"http:\/\/www.bagasutra.com\/?product=prends-garde-a-toi-3#webpage\",\"url\":\"http:\/\/www.bagasutra.com\/?product=prends-garde-a-toi-3\",\"name\":\"PRENDS GARDE A TOI cuir v\\u00e9g\\u00e9tal blanc - Bagasutra Paris\",\"isPartOf\":{\"@id\":\"http:\/\/www.bagasutra.com\/?lang=en\/#website\"},\"primaryImageOfPage\":{\"@id\":\"http:\/\/www.bagasutra.com\/?product=prends-garde-a-toi-3#primaryimage\"},\"datePublished\":\"2015-10-16T11:18:13+00:00\",\"dateModified\":\"2020-09-15T15:51:31+00:00\",\"description\":\"PRENDS GARDE A TOI est une pochette en cuir additionnable de la marque BAGaSUTRA.\",\"inLanguage\":\"fr-FR\",\"potentialAction\":[{\"@type\":\"ReadAction\",\"target\":[\"http:\/\/www.bagasutra.com\/?product=prends-garde-a-toi-3\"]}]}]}<\/script>\n<!-- \/ Yoast SEO plugin. -->","jetpack_sharing_enabled":true,"jetpack-related-posts":[],"_links":{"self":[{"href":"https:\/\/www.bagasutra.com\/index.php?rest_route=\/wp\/v2\/product\/155"}],"collection":[{"href":"https:\/\/www.bagasutra.com\/index.php?rest_route=\/wp\/v2\/product"}],"about":[{"href":"https:\/\/www.bagasutra.com\/index.php?rest_route=\/wp\/v2\/types\/product"}],"replies":[{"embeddable":true,"href":"https:\/\/www.bagasutra.com\/index.php?rest_route=%2Fwp%2Fv2%2Fcomments&post=155"}],"wp:featuredmedia":[{"embeddable":true,"href":"https:\/\/www.bagasutra.com\/index.php?rest_route=\/wp\/v2\/media\/984"}],"wp:attachment":[{"href":"https:\/\/www.bagasutra.com\/index.php?rest_route=%2Fwp%2Fv2%2Fmedia&parent=155"}],"curies":[{"name":"wp","href":"https:\/\/api.w.org\/{rel}","templated":true}]}}