{"id":189,"date":"2015-10-12T13:22:31","date_gmt":"2015-10-12T12:22:31","guid":{"rendered":"http:\/\/www.bagasutra.com\/?post_type=product&#038;p=189"},"modified":"2020-09-15T16:56:11","modified_gmt":"2020-09-15T15:56:11","slug":"emmene-moi-a-ny-avec-toi-python-vert","status":"publish","type":"product","link":"http:\/\/www.bagasutra.com\/?product=emmene-moi-a-ny-avec-toi-python-vert","title":{"rendered":"EMMENE-MOI (\u00e0 NY avec toi) cuir agneau fa\u00e7on python vert"},"content":{"rendered":"<p dir=\"LTR\" align=\"LEFT\">Dimensions 30*30 cm avec un soufflet<\/p>\n<p dir=\"LTR\" align=\"LEFT\">Fermeture zip<\/p>\n<p dir=\"LTR\" align=\"LEFT\">\u00a0Cuir agneau fa\u00e7on python vert<\/p>\n<p dir=\"LTR\" align=\"LEFT\">\u00a0Ref EMNY\/A python<\/p>\n<p dir=\"LTR\" align=\"LEFT\">Son +: ses dimensions et sa souplesse permettent d&#8217;autant plus de jeux.<\/p>\n","protected":false},"excerpt":{"rendered":"<p>Dimensions 30*30 cm avec un soufflet Fermeture zip \u00a0Cuir agneau fa\u00e7on python vert \u00a0Ref EMNY\/A python Son +: ses dimensions et sa souplesse permettent d&#8217;autant plus de jeux.<\/p>\n","protected":false},"featured_media":1037,"comment_status":"closed","ping_status":"closed","template":"","meta":{"spay_email":"","jetpack_publicize_message":"","jetpack_is_tweetstorm":false},"jetpack_publicize_connections":[],"yoast_head":"<!-- This site is optimized with the Yoast SEO plugin v15.4 - https:\/\/yoast.com\/wordpress\/plugins\/seo\/ -->\n<title>POCHETTE CUIR - EMMENE-MOI BAGASUTRA<\/title>\n<meta name=\"description\" content=\"Cette pochette cuir additionnable de Dimensions 30*30 cm est additionnable avec d&#039;autres pochettes avec ou sans soufflet. Notre pochette cuir est \u00e9quip\u00e9e d&#039;une fermeture ZIP Pochette en cuir pleine fleur agneau fa\u00e7on python vert\" \/>\n<meta name=\"robots\" content=\"index, follow, max-snippet:-1, max-image-preview:large, max-video-preview:-1\" \/>\n<link rel=\"canonical\" href=\"https:\/\/www.bagasutra.com\/?product=emmene-moi-a-ny-avec-toi-python-vert\" \/>\n<meta property=\"og:locale\" content=\"fr_FR\" \/>\n<meta property=\"og:type\" content=\"article\" \/>\n<meta property=\"og:title\" content=\"POCHETTE CUIR - EMMENE-MOI BAGASUTRA\" \/>\n<meta property=\"og:description\" content=\"Cette pochette cuir additionnable de Dimensions 30*30 cm est additionnable avec d&#039;autres pochettes avec ou sans soufflet. Notre pochette cuir est \u00e9quip\u00e9e d&#039;une fermeture ZIP Pochette en cuir pleine fleur agneau fa\u00e7on python vert\" \/>\n<meta property=\"og:url\" content=\"https:\/\/www.bagasutra.com\/?product=emmene-moi-a-ny-avec-toi-python-vert\" \/>\n<meta property=\"og:site_name\" content=\"Bagasutra Paris\" \/>\n<meta property=\"article:publisher\" content=\"https:\/\/www.facebook.com\/Bagasutra-1613332955615983\" \/>\n<meta property=\"article:modified_time\" content=\"2020-09-15T15:56:11+00:00\" \/>\n<meta property=\"og:image\" content=\"https:\/\/i2.wp.com\/www.bagasutra.com\/wp-content\/uploads\/2016\/02\/BAGaSUTRA-cuir-facon-python-vert-EMNYF.jpg?fit=600%2C600\" \/>\n\t<meta property=\"og:image:width\" content=\"600\" \/>\n\t<meta property=\"og:image:height\" content=\"600\" \/>\n<meta name=\"twitter:card\" content=\"summary\" \/>\n<meta name=\"twitter:label1\" content=\"\u00c9crit par\">\n\t<meta name=\"twitter:data1\" content=\"Catherine\">\n\t<meta name=\"twitter:label2\" content=\"Dur\u00e9e de lecture est.\">\n\t<meta name=\"twitter:data2\" content=\"0 minute\">\n<script type=\"application\/ld+json\" class=\"yoast-schema-graph\">{\"@context\":\"https:\/\/schema.org\",\"@graph\":[{\"@type\":\"WebSite\",\"@id\":\"http:\/\/www.bagasutra.com\/?lang=en\/#website\",\"url\":\"http:\/\/www.bagasutra.com\/?lang=en\/\",\"name\":\"Bagasutra Paris\",\"description\":\"BAGaSUTRA n&#039;est pas le sac d&#039;un seul soir\",\"potentialAction\":[{\"@type\":\"SearchAction\",\"target\":\"http:\/\/www.bagasutra.com\/?lang=en\/?s={search_term_string}\",\"query-input\":\"required name=search_term_string\"}],\"inLanguage\":\"fr-FR\"},{\"@type\":\"ImageObject\",\"@id\":\"https:\/\/www.bagasutra.com\/?product=emmene-moi-a-ny-avec-toi-python-vert#primaryimage\",\"inLanguage\":\"fr-FR\",\"url\":\"https:\/\/i2.wp.com\/www.bagasutra.com\/wp-content\/uploads\/2016\/02\/BAGaSUTRA-cuir-facon-python-vert-EMNYF.jpg?fit=600%2C600\",\"width\":600,\"height\":600,\"caption\":\"BAGaSUTRA-cuir-facon-python-vert-EMNYF\"},{\"@type\":\"WebPage\",\"@id\":\"https:\/\/www.bagasutra.com\/?product=emmene-moi-a-ny-avec-toi-python-vert#webpage\",\"url\":\"https:\/\/www.bagasutra.com\/?product=emmene-moi-a-ny-avec-toi-python-vert\",\"name\":\"POCHETTE CUIR - EMMENE-MOI BAGASUTRA\",\"isPartOf\":{\"@id\":\"http:\/\/www.bagasutra.com\/?lang=en\/#website\"},\"primaryImageOfPage\":{\"@id\":\"https:\/\/www.bagasutra.com\/?product=emmene-moi-a-ny-avec-toi-python-vert#primaryimage\"},\"datePublished\":\"2015-10-12T12:22:31+00:00\",\"dateModified\":\"2020-09-15T15:56:11+00:00\",\"description\":\"Cette pochette cuir additionnable de Dimensions 30*30 cm est additionnable avec d'autres pochettes avec ou sans soufflet. Notre pochette cuir est \\u00e9quip\\u00e9e d'une fermeture ZIP Pochette en cuir pleine fleur agneau fa\\u00e7on python vert\",\"inLanguage\":\"fr-FR\",\"potentialAction\":[{\"@type\":\"ReadAction\",\"target\":[\"https:\/\/www.bagasutra.com\/?product=emmene-moi-a-ny-avec-toi-python-vert\"]}]}]}<\/script>\n<!-- \/ Yoast SEO plugin. -->","jetpack_sharing_enabled":true,"jetpack-related-posts":[],"_links":{"self":[{"href":"http:\/\/www.bagasutra.com\/index.php?rest_route=\/wp\/v2\/product\/189"}],"collection":[{"href":"http:\/\/www.bagasutra.com\/index.php?rest_route=\/wp\/v2\/product"}],"about":[{"href":"http:\/\/www.bagasutra.com\/index.php?rest_route=\/wp\/v2\/types\/product"}],"replies":[{"embeddable":true,"href":"http:\/\/www.bagasutra.com\/index.php?rest_route=%2Fwp%2Fv2%2Fcomments&post=189"}],"wp:featuredmedia":[{"embeddable":true,"href":"http:\/\/www.bagasutra.com\/index.php?rest_route=\/wp\/v2\/media\/1037"}],"wp:attachment":[{"href":"http:\/\/www.bagasutra.com\/index.php?rest_route=%2Fwp%2Fv2%2Fmedia&parent=189"}],"curies":[{"name":"wp","href":"https:\/\/api.w.org\/{rel}","templated":true}]}}