{"id":1812,"date":"2016-05-18T10:07:13","date_gmt":"2016-05-18T09:07:13","guid":{"rendered":"http:\/\/www.bagasutra.com\/?post_type=product&#038;p=1812"},"modified":"2022-06-27T12:32:53","modified_gmt":"2022-06-27T11:32:53","slug":"carre-cuir-fuschia-orange-rouge-gant","status":"publish","type":"product","link":"http:\/\/www.bagasutra.com\/?product=carre-cuir-fuschia-orange-rouge-gant","title":{"rendered":"LE CARRE MAIN cuir fuschia orange rouge COUTURE + sur-gant"},"content":{"rendered":"<p>Pochette SOURIEZ-MOI<\/p>\n<p>Dimensions 9*12 cm<\/p>\n<p>Cuir vachette \u00e0 poils ras rose<\/p>\n<p>+<\/p>\n<p>Pochette PRENDS GARDE A TOI<\/p>\n<p>Dimensions 8*15 cm avec rabat et double soufflet<\/p>\n<p>Fermeture s\u00e9curis\u00e9e par \u00e9lastique<\/p>\n<p>Cuir vachette \u00e0 poils ras orange<\/p>\n<p>+<\/p>\n<p>Pochette EMMENE-MOI (\u00e0 NY avec toi)<\/p>\n<p dir=\"LTR\" align=\"LEFT\">Dimensions 30*30 cm avec un soufflet<\/p>\n<p dir=\"LTR\" align=\"LEFT\">Fermeture zip<\/p>\n<p dir=\"LTR\" align=\"LEFT\">\u00a0Cuir vachette \u00e0 poils ras rouge<\/p>\n<p dir=\"LTR\" align=\"LEFT\">+<\/p>\n<p dir=\"LTR\" align=\"LEFT\">Sur-gant\u00a0cuir pleine fleur vachette grain\u00e9e\u00a0rouge<\/p>\n<p dir=\"LTR\" align=\"LEFT\">\u00a0<\/p>\n<p dir=\"LTR\" align=\"LEFT\">Ref P3: SM\/ VAPR rose + PGAT\/ VAPR orange + EMNY\/ VAPR rouge C\/ jaune + sur-gant VA rouge<\/p>\n","protected":false},"excerpt":{"rendered":"<p>Pochette SOURIEZ-MOI Dimensions 9*12 cm Cuir vachette \u00e0 poils ras rose + Pochette PRENDS GARDE A TOI Dimensions 8*15 cm avec rabat et double soufflet Fermeture s\u00e9curis\u00e9e par \u00e9lastique Cuir vachette \u00e0<a class=\"moretag\" href=\"http:\/\/www.bagasutra.com\/?product=carre-cuir-fuschia-orange-rouge-gant\">Read More&#8230;<\/a><\/p>\n","protected":false},"featured_media":1796,"comment_status":"closed","ping_status":"closed","template":"","meta":{"spay_email":"","jetpack_publicize_message":"","jetpack_is_tweetstorm":false},"jetpack_publicize_connections":[],"yoast_head":"<!-- This site is optimized with the Yoast SEO plugin v15.4 - https:\/\/yoast.com\/wordpress\/plugins\/seo\/ -->\n<title>LE CARRE MAIN cuir fuschia orange rouge COUTURE + sur-gant - Bagasutra Paris<\/title>\n<meta name=\"robots\" content=\"index, follow, max-snippet:-1, max-image-preview:large, max-video-preview:-1\" \/>\n<link rel=\"canonical\" href=\"http:\/\/www.bagasutra.com\/?product=carre-cuir-fuschia-orange-rouge-gant\" \/>\n<meta property=\"og:locale\" content=\"fr_FR\" \/>\n<meta property=\"og:type\" content=\"article\" \/>\n<meta property=\"og:title\" content=\"LE CARRE MAIN cuir fuschia orange rouge COUTURE + sur-gant - Bagasutra Paris\" \/>\n<meta property=\"og:description\" content=\"Pochette SOURIEZ-MOI Dimensions 9*12 cm Cuir vachette \u00e0 poils ras rose + Pochette PRENDS GARDE A TOI Dimensions 8*15 cm avec rabat et double soufflet Fermeture s\u00e9curis\u00e9e par \u00e9lastique Cuir vachette \u00e0Read More...\" \/>\n<meta property=\"og:url\" content=\"http:\/\/www.bagasutra.com\/?product=carre-cuir-fuschia-orange-rouge-gant\" \/>\n<meta property=\"og:site_name\" content=\"Bagasutra Paris\" \/>\n<meta property=\"article:publisher\" content=\"https:\/\/www.facebook.com\/Bagasutra-1613332955615983\" \/>\n<meta property=\"article:modified_time\" content=\"2022-06-27T11:32:53+00:00\" \/>\n<meta property=\"og:image\" content=\"https:\/\/i0.wp.com\/www.bagasutra.com\/wp-content\/uploads\/2016\/05\/BAGaSUTRA-carre-couture-rouge-jaune-rose.jpg?fit=1000%2C1000\" \/>\n\t<meta property=\"og:image:width\" content=\"1000\" \/>\n\t<meta property=\"og:image:height\" content=\"1000\" \/>\n<meta name=\"twitter:card\" content=\"summary\" \/>\n<meta name=\"twitter:label1\" content=\"\u00c9crit par\">\n\t<meta name=\"twitter:data1\" content=\"Catherine\">\n\t<meta name=\"twitter:label2\" content=\"Dur\u00e9e de lecture est.\">\n\t<meta name=\"twitter:data2\" content=\"0 minute\">\n<script type=\"application\/ld+json\" class=\"yoast-schema-graph\">{\"@context\":\"https:\/\/schema.org\",\"@graph\":[{\"@type\":\"WebSite\",\"@id\":\"https:\/\/www.bagasutra.com\/#website\",\"url\":\"https:\/\/www.bagasutra.com\/\",\"name\":\"Bagasutra Paris\",\"description\":\"BAGaSUTRA n&#039;est pas le sac d&#039;un seul soir\",\"potentialAction\":[{\"@type\":\"SearchAction\",\"target\":\"https:\/\/www.bagasutra.com\/?s={search_term_string}\",\"query-input\":\"required name=search_term_string\"}],\"inLanguage\":\"fr-FR\"},{\"@type\":\"ImageObject\",\"@id\":\"http:\/\/www.bagasutra.com\/?product=carre-cuir-fuschia-orange-rouge-gant#primaryimage\",\"inLanguage\":\"fr-FR\",\"url\":\"https:\/\/i0.wp.com\/www.bagasutra.com\/wp-content\/uploads\/2016\/05\/BAGaSUTRA-carre-couture-rouge-jaune-rose.jpg?fit=1000%2C1000\",\"width\":1000,\"height\":1000,\"caption\":\"BAGaSUTRA-carre-couture-rouge-jaune-rose\"},{\"@type\":\"WebPage\",\"@id\":\"http:\/\/www.bagasutra.com\/?product=carre-cuir-fuschia-orange-rouge-gant#webpage\",\"url\":\"http:\/\/www.bagasutra.com\/?product=carre-cuir-fuschia-orange-rouge-gant\",\"name\":\"LE CARRE MAIN cuir fuschia orange rouge COUTURE + sur-gant - Bagasutra Paris\",\"isPartOf\":{\"@id\":\"https:\/\/www.bagasutra.com\/#website\"},\"primaryImageOfPage\":{\"@id\":\"http:\/\/www.bagasutra.com\/?product=carre-cuir-fuschia-orange-rouge-gant#primaryimage\"},\"datePublished\":\"2016-05-18T09:07:13+00:00\",\"dateModified\":\"2022-06-27T11:32:53+00:00\",\"inLanguage\":\"fr-FR\",\"potentialAction\":[{\"@type\":\"ReadAction\",\"target\":[\"http:\/\/www.bagasutra.com\/?product=carre-cuir-fuschia-orange-rouge-gant\"]}]}]}<\/script>\n<!-- \/ Yoast SEO plugin. -->","jetpack_sharing_enabled":true,"jetpack-related-posts":[],"_links":{"self":[{"href":"http:\/\/www.bagasutra.com\/index.php?rest_route=\/wp\/v2\/product\/1812"}],"collection":[{"href":"http:\/\/www.bagasutra.com\/index.php?rest_route=\/wp\/v2\/product"}],"about":[{"href":"http:\/\/www.bagasutra.com\/index.php?rest_route=\/wp\/v2\/types\/product"}],"replies":[{"embeddable":true,"href":"http:\/\/www.bagasutra.com\/index.php?rest_route=%2Fwp%2Fv2%2Fcomments&post=1812"}],"wp:featuredmedia":[{"embeddable":true,"href":"http:\/\/www.bagasutra.com\/index.php?rest_route=\/wp\/v2\/media\/1796"}],"wp:attachment":[{"href":"http:\/\/www.bagasutra.com\/index.php?rest_route=%2Fwp%2Fv2%2Fmedia&parent=1812"}],"curies":[{"name":"wp","href":"https:\/\/api.w.org\/{rel}","templated":true}]}}