{"id":1810,"date":"2016-05-19T08:20:14","date_gmt":"2016-05-19T07:20:14","guid":{"rendered":"http:\/\/www.bagasutra.com\/?post_type=product&#038;p=1810"},"modified":"2022-06-27T12:13:25","modified_gmt":"2022-06-27T11:13:25","slug":"carrousel-cuir-vegetal-jaune-fuschia-couture-gant","status":"publish","type":"product","link":"http:\/\/www.bagasutra.com\/?product=carrousel-cuir-vegetal-jaune-fuschia-couture-gant","title":{"rendered":"LE CARROUSEL cuir v\u00e9g\u00e9tal jaune fuschia COUTURE+ sur-gant"},"content":{"rendered":"<p>Pochette SOURIEZ-MOI<\/p>\n<p>Dimensions \u00a09*12 cm<\/p>\n<p>Cuir vachette rose, tannage v\u00e9g\u00e9tal<\/p>\n<p>+<\/p>\n<p>Pochette RENDEZ-VOUS (avec la lune)<\/p>\n<p dir=\"LTR\" align=\"LEFT\">Dimensions 25*19 cm<\/p>\n<p dir=\"LTR\" align=\"LEFT\">Fermeture zip<\/p>\n<p dir=\"LTR\" align=\"LEFT\">Cuir vachette jaune, tannage v\u00e9g\u00e9tal<\/p>\n<p dir=\"LTR\" align=\"LEFT\">+<\/p>\n<p dir=\"LTR\" align=\"LEFT\">Sur-gant cuir pleine fleur vachette grain\u00e9e orange<\/p>\n<p dir=\"LTR\" align=\"LEFT\">\u00a0<\/p>\n<p dir=\"LTR\" align=\"LEFT\">Ref P2: SM\/ VE rose + RVAL\/ VE jaune C\/ orange + sur-gant orange<\/p>\n","protected":false},"excerpt":{"rendered":"<p>Pochette SOURIEZ-MOI Dimensions \u00a09*12 cm Cuir vachette rose, tannage v\u00e9g\u00e9tal + Pochette RENDEZ-VOUS (avec la lune) Dimensions 25*19 cm Fermeture zip Cuir vachette jaune, tannage v\u00e9g\u00e9tal + Sur-gant cuir pleine fleur vachette<a class=\"moretag\" href=\"http:\/\/www.bagasutra.com\/?product=carrousel-cuir-vegetal-jaune-fuschia-couture-gant\">Read More&#8230;<\/a><\/p>\n","protected":false},"featured_media":1800,"comment_status":"closed","ping_status":"closed","template":"","meta":{"spay_email":"","jetpack_publicize_message":"","jetpack_is_tweetstorm":false},"jetpack_publicize_connections":[],"yoast_head":"<!-- This site is optimized with the Yoast SEO plugin v15.4 - https:\/\/yoast.com\/wordpress\/plugins\/seo\/ -->\n<title>LE CARROUSEL cuir v\u00e9g\u00e9tal jaune fuschia COUTURE+ sur-gant - Bagasutra Paris<\/title>\n<meta name=\"robots\" content=\"index, follow, max-snippet:-1, max-image-preview:large, max-video-preview:-1\" \/>\n<link rel=\"canonical\" href=\"http:\/\/www.bagasutra.com\/?product=carrousel-cuir-vegetal-jaune-fuschia-couture-gant\" \/>\n<meta property=\"og:locale\" content=\"fr_FR\" \/>\n<meta property=\"og:type\" content=\"article\" \/>\n<meta property=\"og:title\" content=\"LE CARROUSEL cuir v\u00e9g\u00e9tal jaune fuschia COUTURE+ sur-gant - Bagasutra Paris\" \/>\n<meta property=\"og:description\" content=\"Pochette SOURIEZ-MOI Dimensions \u00a09*12 cm Cuir vachette rose, tannage v\u00e9g\u00e9tal + Pochette RENDEZ-VOUS (avec la lune) Dimensions 25*19 cm Fermeture zip Cuir vachette jaune, tannage v\u00e9g\u00e9tal + Sur-gant cuir pleine fleur vachetteRead More...\" \/>\n<meta property=\"og:url\" content=\"http:\/\/www.bagasutra.com\/?product=carrousel-cuir-vegetal-jaune-fuschia-couture-gant\" \/>\n<meta property=\"og:site_name\" content=\"Bagasutra Paris\" \/>\n<meta property=\"article:publisher\" content=\"https:\/\/www.facebook.com\/Bagasutra-1613332955615983\" \/>\n<meta property=\"article:modified_time\" content=\"2022-06-27T11:13:25+00:00\" \/>\n<meta property=\"og:image\" content=\"https:\/\/i2.wp.com\/www.bagasutra.com\/wp-content\/uploads\/2016\/05\/BAGaSUTRA-sortez-coloree.jpg?fit=1001%2C1001\" \/>\n\t<meta property=\"og:image:width\" content=\"1001\" \/>\n\t<meta property=\"og:image:height\" content=\"1001\" \/>\n<meta name=\"twitter:card\" content=\"summary\" \/>\n<meta name=\"twitter:label1\" content=\"\u00c9crit par\">\n\t<meta name=\"twitter:data1\" content=\"Catherine\">\n\t<meta name=\"twitter:label2\" content=\"Dur\u00e9e de lecture est.\">\n\t<meta name=\"twitter:data2\" content=\"0 minute\">\n<script type=\"application\/ld+json\" class=\"yoast-schema-graph\">{\"@context\":\"https:\/\/schema.org\",\"@graph\":[{\"@type\":\"WebSite\",\"@id\":\"http:\/\/www.bagasutra.com\/?lang=en\/#website\",\"url\":\"http:\/\/www.bagasutra.com\/?lang=en\/\",\"name\":\"Bagasutra Paris\",\"description\":\"BAGaSUTRA n&#039;est pas le sac d&#039;un seul soir\",\"potentialAction\":[{\"@type\":\"SearchAction\",\"target\":\"http:\/\/www.bagasutra.com\/?lang=en\/?s={search_term_string}\",\"query-input\":\"required name=search_term_string\"}],\"inLanguage\":\"fr-FR\"},{\"@type\":\"ImageObject\",\"@id\":\"http:\/\/www.bagasutra.com\/?product=carrousel-cuir-vegetal-jaune-fuschia-couture-gant#primaryimage\",\"inLanguage\":\"fr-FR\",\"url\":\"https:\/\/i2.wp.com\/www.bagasutra.com\/wp-content\/uploads\/2016\/05\/BAGaSUTRA-sortez-coloree.jpg?fit=1001%2C1001\",\"width\":1001,\"height\":1001,\"caption\":\"BAGaSUTRA-sortez-coloree\"},{\"@type\":\"WebPage\",\"@id\":\"http:\/\/www.bagasutra.com\/?product=carrousel-cuir-vegetal-jaune-fuschia-couture-gant#webpage\",\"url\":\"http:\/\/www.bagasutra.com\/?product=carrousel-cuir-vegetal-jaune-fuschia-couture-gant\",\"name\":\"LE CARROUSEL cuir v\\u00e9g\\u00e9tal jaune fuschia COUTURE+ sur-gant - Bagasutra Paris\",\"isPartOf\":{\"@id\":\"http:\/\/www.bagasutra.com\/?lang=en\/#website\"},\"primaryImageOfPage\":{\"@id\":\"http:\/\/www.bagasutra.com\/?product=carrousel-cuir-vegetal-jaune-fuschia-couture-gant#primaryimage\"},\"datePublished\":\"2016-05-19T07:20:14+00:00\",\"dateModified\":\"2022-06-27T11:13:25+00:00\",\"inLanguage\":\"fr-FR\",\"potentialAction\":[{\"@type\":\"ReadAction\",\"target\":[\"http:\/\/www.bagasutra.com\/?product=carrousel-cuir-vegetal-jaune-fuschia-couture-gant\"]}]}]}<\/script>\n<!-- \/ Yoast SEO plugin. -->","jetpack_sharing_enabled":true,"jetpack-related-posts":[],"_links":{"self":[{"href":"http:\/\/www.bagasutra.com\/index.php?rest_route=\/wp\/v2\/product\/1810"}],"collection":[{"href":"http:\/\/www.bagasutra.com\/index.php?rest_route=\/wp\/v2\/product"}],"about":[{"href":"http:\/\/www.bagasutra.com\/index.php?rest_route=\/wp\/v2\/types\/product"}],"replies":[{"embeddable":true,"href":"http:\/\/www.bagasutra.com\/index.php?rest_route=%2Fwp%2Fv2%2Fcomments&post=1810"}],"wp:featuredmedia":[{"embeddable":true,"href":"http:\/\/www.bagasutra.com\/index.php?rest_route=\/wp\/v2\/media\/1800"}],"wp:attachment":[{"href":"http:\/\/www.bagasutra.com\/index.php?rest_route=%2Fwp%2Fv2%2Fmedia&parent=1810"}],"curies":[{"name":"wp","href":"https:\/\/api.w.org\/{rel}","templated":true}]}}