{"id":1757,"date":"2016-05-03T09:30:03","date_gmt":"2016-05-03T08:30:03","guid":{"rendered":"http:\/\/www.bagasutra.com\/?post_type=product&#038;p=1757"},"modified":"2020-09-15T16:36:28","modified_gmt":"2020-09-15T15:36:28","slug":"pole-position-cuir-caramel-vert-amande-couture","status":"publish","type":"product","link":"http:\/\/www.bagasutra.com\/?product=pole-position-cuir-caramel-vert-amande-couture","title":{"rendered":"POLE POSITION cuir caramel vert amande COUTURE"},"content":{"rendered":"<p>Pochette RENDEZ-VOUS (avec la lune)<\/p>\n<p dir=\"LTR\" align=\"LEFT\">Dimensions 25*19 cm<\/p>\n<p dir=\"LTR\" align=\"LEFT\">Fermeture zip<\/p>\n<p dir=\"LTR\" align=\"LEFT\">Cuir vachette vert amande, tannage v\u00e9g\u00e9tal<\/p>\n<p dir=\"LTR\" align=\"LEFT\">+<\/p>\n<p dir=\"LTR\" align=\"LEFT\">Pochette DEBRANCHE TOUT (revenons \u00e0 nous)<\/p>\n<p dir=\"LTR\" align=\"LEFT\">Dimensions 27*20,5 cm avec rabat<\/p>\n<p dir=\"LTR\" align=\"LEFT\">Cuir vachette \u00e0 poils ras caramel<\/p>\n<p dir=\"LTR\" align=\"LEFT\">\u00a0<\/p>\n<p dir=\"LTR\" align=\"LEFT\">Ref P2: RVAL\/ VE vert amande+ DTRN\/ VAPR caramel<\/p>\n<p dir=\"LTR\" align=\"LEFT\">\u00a0<\/p>\n<p dir=\"LTR\" align=\"LEFT\">\u00a0<\/p>\n<p dir=\"LTR\" align=\"LEFT\">\u00a0<\/p>\n","protected":false},"excerpt":{"rendered":"<p>Pochette RENDEZ-VOUS (avec la lune) Dimensions 25*19 cm Fermeture zip Cuir vachette vert amande, tannage v\u00e9g\u00e9tal + Pochette DEBRANCHE TOUT (revenons \u00e0 nous) Dimensions 27*20,5 cm avec rabat Cuir vachette \u00e0 poils<a class=\"moretag\" href=\"http:\/\/www.bagasutra.com\/?product=pole-position-cuir-caramel-vert-amande-couture\">Read More&#8230;<\/a><\/p>\n","protected":false},"featured_media":1720,"comment_status":"closed","ping_status":"closed","template":"","meta":{"spay_email":"","jetpack_publicize_message":"","jetpack_is_tweetstorm":false},"jetpack_publicize_connections":[],"yoast_head":"<!-- This site is optimized with the Yoast SEO plugin v15.4 - https:\/\/yoast.com\/wordpress\/plugins\/seo\/ -->\n<title>POLE POSITION cuir caramel vert amande COUTURE - Bagasutra Paris<\/title>\n<meta name=\"robots\" content=\"index, follow, max-snippet:-1, max-image-preview:large, max-video-preview:-1\" \/>\n<link rel=\"canonical\" href=\"http:\/\/www.bagasutra.com\/?product=pole-position-cuir-caramel-vert-amande-couture\" \/>\n<meta property=\"og:locale\" content=\"fr_FR\" \/>\n<meta property=\"og:type\" content=\"article\" \/>\n<meta property=\"og:title\" content=\"POLE POSITION cuir caramel vert amande COUTURE - Bagasutra Paris\" \/>\n<meta property=\"og:description\" content=\"Pochette RENDEZ-VOUS (avec la lune) Dimensions 25*19 cm Fermeture zip Cuir vachette vert amande, tannage v\u00e9g\u00e9tal + Pochette DEBRANCHE TOUT (revenons \u00e0 nous) Dimensions 27*20,5 cm avec rabat Cuir vachette \u00e0 poilsRead More...\" \/>\n<meta property=\"og:url\" content=\"http:\/\/www.bagasutra.com\/?product=pole-position-cuir-caramel-vert-amande-couture\" \/>\n<meta property=\"og:site_name\" content=\"Bagasutra Paris\" \/>\n<meta property=\"article:publisher\" content=\"https:\/\/www.facebook.com\/Bagasutra-1613332955615983\" \/>\n<meta property=\"article:modified_time\" content=\"2020-09-15T15:36:28+00:00\" \/>\n<meta property=\"og:image\" content=\"https:\/\/i0.wp.com\/www.bagasutra.com\/wp-content\/uploads\/2016\/04\/BAGaSUTRA-pole-po-couture-naturel-vert-amande.jpg?fit=600%2C600\" \/>\n\t<meta property=\"og:image:width\" content=\"600\" \/>\n\t<meta property=\"og:image:height\" content=\"600\" \/>\n<meta name=\"twitter:card\" content=\"summary\" \/>\n<meta name=\"twitter:label1\" content=\"\u00c9crit par\">\n\t<meta name=\"twitter:data1\" content=\"Catherine\">\n\t<meta name=\"twitter:label2\" content=\"Dur\u00e9e de lecture est.\">\n\t<meta name=\"twitter:data2\" content=\"0 minute\">\n<script type=\"application\/ld+json\" class=\"yoast-schema-graph\">{\"@context\":\"https:\/\/schema.org\",\"@graph\":[{\"@type\":\"WebSite\",\"@id\":\"http:\/\/www.bagasutra.com\/#website\",\"url\":\"http:\/\/www.bagasutra.com\/\",\"name\":\"Bagasutra Paris\",\"description\":\"BAGaSUTRA n&#039;est pas le sac d&#039;un seul soir\",\"potentialAction\":[{\"@type\":\"SearchAction\",\"target\":\"http:\/\/www.bagasutra.com\/?s={search_term_string}\",\"query-input\":\"required name=search_term_string\"}],\"inLanguage\":\"fr-FR\"},{\"@type\":\"ImageObject\",\"@id\":\"http:\/\/www.bagasutra.com\/?product=pole-position-cuir-caramel-vert-amande-couture#primaryimage\",\"inLanguage\":\"fr-FR\",\"url\":\"https:\/\/i0.wp.com\/www.bagasutra.com\/wp-content\/uploads\/2016\/04\/BAGaSUTRA-pole-po-couture-naturel-vert-amande.jpg?fit=600%2C600\",\"width\":600,\"height\":600,\"caption\":\"BAGaSUTRA-pole-po-couture-naturel-vert-amande\"},{\"@type\":\"WebPage\",\"@id\":\"http:\/\/www.bagasutra.com\/?product=pole-position-cuir-caramel-vert-amande-couture#webpage\",\"url\":\"http:\/\/www.bagasutra.com\/?product=pole-position-cuir-caramel-vert-amande-couture\",\"name\":\"POLE POSITION cuir caramel vert amande COUTURE - Bagasutra Paris\",\"isPartOf\":{\"@id\":\"http:\/\/www.bagasutra.com\/#website\"},\"primaryImageOfPage\":{\"@id\":\"http:\/\/www.bagasutra.com\/?product=pole-position-cuir-caramel-vert-amande-couture#primaryimage\"},\"datePublished\":\"2016-05-03T08:30:03+00:00\",\"dateModified\":\"2020-09-15T15:36:28+00:00\",\"inLanguage\":\"fr-FR\",\"potentialAction\":[{\"@type\":\"ReadAction\",\"target\":[\"http:\/\/www.bagasutra.com\/?product=pole-position-cuir-caramel-vert-amande-couture\"]}]}]}<\/script>\n<!-- \/ Yoast SEO plugin. -->","jetpack_sharing_enabled":true,"jetpack-related-posts":[],"_links":{"self":[{"href":"http:\/\/www.bagasutra.com\/index.php?rest_route=\/wp\/v2\/product\/1757"}],"collection":[{"href":"http:\/\/www.bagasutra.com\/index.php?rest_route=\/wp\/v2\/product"}],"about":[{"href":"http:\/\/www.bagasutra.com\/index.php?rest_route=\/wp\/v2\/types\/product"}],"replies":[{"embeddable":true,"href":"http:\/\/www.bagasutra.com\/index.php?rest_route=%2Fwp%2Fv2%2Fcomments&post=1757"}],"wp:featuredmedia":[{"embeddable":true,"href":"http:\/\/www.bagasutra.com\/index.php?rest_route=\/wp\/v2\/media\/1720"}],"wp:attachment":[{"href":"http:\/\/www.bagasutra.com\/index.php?rest_route=%2Fwp%2Fv2%2Fmedia&parent=1757"}],"curies":[{"name":"wp","href":"https:\/\/api.w.org\/{rel}","templated":true}]}}