{"id":174,"date":"2015-10-12T15:15:37","date_gmt":"2015-10-12T14:15:37","guid":{"rendered":"http:\/\/www.bagasutra.com\/?post_type=product&#038;p=174"},"modified":"2022-06-27T14:23:10","modified_gmt":"2022-06-27T13:23:10","slug":"debranche-tout-revenons-a-nous-vegetal-anthracite","status":"publish","type":"product","link":"http:\/\/www.bagasutra.com\/?product=debranche-tout-revenons-a-nous-vegetal-anthracite","title":{"rendered":"DEBRANCHE TOUT (revenons \u00e0 nous) cuir v\u00e9g\u00e9tal anthracite"},"content":{"rendered":"<p dir=\"LTR\" align=\"LEFT\">Dimensions 27*20,5 cm avec rabat<\/p>\n<p dir=\"LTR\" align=\"LEFT\">Cuir vachette anthracite, tannage v\u00e9g\u00e9tal<\/p>\n<p dir=\"LTR\" align=\"LEFT\">\u00a0Ref DTRN\/ VE anthra<\/p>\n<p dir=\"LTR\" align=\"LEFT\">Son +: son rabat permet de couvrir une deuxi\u00e8me pochette.<\/p>\n<p>&nbsp;<\/p>\n","protected":false},"excerpt":{"rendered":"<p>Dimensions 27*20,5 cm avec rabat Cuir vachette anthracite, tannage v\u00e9g\u00e9tal \u00a0Ref DTRN\/ VE anthra Son +: son rabat permet de couvrir une deuxi\u00e8me pochette. &nbsp;<\/p>\n","protected":false},"featured_media":948,"comment_status":"closed","ping_status":"closed","template":"","meta":{"spay_email":"","jetpack_publicize_message":"","jetpack_is_tweetstorm":false},"jetpack_publicize_connections":[],"yoast_head":"<!-- This site is optimized with the Yoast SEO plugin v15.4 - https:\/\/yoast.com\/wordpress\/plugins\/seo\/ -->\n<title>DEBRANCHE TOUT v\u00e9g\u00e9tal anthracite - BAGaSUTRA<\/title>\n<meta name=\"description\" content=\"DEBRANCHE TOUT (REVENONS A NOUS) est une pochette en cuir additionnable de la marque BAGaSUTRA.\" \/>\n<meta name=\"robots\" content=\"index, follow, max-snippet:-1, max-image-preview:large, max-video-preview:-1\" \/>\n<link rel=\"canonical\" href=\"http:\/\/www.bagasutra.com\/?product=debranche-tout-revenons-a-nous-vegetal-anthracite\" \/>\n<meta property=\"og:locale\" content=\"fr_FR\" \/>\n<meta property=\"og:type\" content=\"article\" \/>\n<meta property=\"og:title\" content=\"DEBRANCHE TOUT v\u00e9g\u00e9tal anthracite - BAGaSUTRA\" \/>\n<meta property=\"og:description\" content=\"DEBRANCHE TOUT (REVENONS A NOUS) est une pochette en cuir additionnable de la marque BAGaSUTRA.\" \/>\n<meta property=\"og:url\" content=\"http:\/\/www.bagasutra.com\/?product=debranche-tout-revenons-a-nous-vegetal-anthracite\" \/>\n<meta property=\"og:site_name\" content=\"Bagasutra Paris\" \/>\n<meta property=\"article:publisher\" content=\"https:\/\/www.facebook.com\/Bagasutra-1613332955615983\" \/>\n<meta property=\"article:modified_time\" content=\"2022-06-27T13:23:10+00:00\" \/>\n<meta property=\"og:image\" content=\"https:\/\/i1.wp.com\/www.bagasutra.com\/wp-content\/uploads\/2016\/01\/BAGaSUTRA-cuir-vegetal-gris-DTV.jpg?fit=600%2C600\" \/>\n\t<meta property=\"og:image:width\" content=\"600\" \/>\n\t<meta property=\"og:image:height\" content=\"600\" \/>\n<meta name=\"twitter:card\" content=\"summary\" \/>\n<meta name=\"twitter:label1\" content=\"\u00c9crit par\">\n\t<meta name=\"twitter:data1\" content=\"Catherine\">\n\t<meta name=\"twitter:label2\" content=\"Dur\u00e9e de lecture est.\">\n\t<meta name=\"twitter:data2\" content=\"0 minute\">\n<script type=\"application\/ld+json\" class=\"yoast-schema-graph\">{\"@context\":\"https:\/\/schema.org\",\"@graph\":[{\"@type\":\"WebSite\",\"@id\":\"http:\/\/www.bagasutra.com\/?lang=en\/#website\",\"url\":\"http:\/\/www.bagasutra.com\/?lang=en\/\",\"name\":\"Bagasutra Paris\",\"description\":\"BAGaSUTRA n&#039;est pas le sac d&#039;un seul soir\",\"potentialAction\":[{\"@type\":\"SearchAction\",\"target\":\"http:\/\/www.bagasutra.com\/?lang=en\/?s={search_term_string}\",\"query-input\":\"required name=search_term_string\"}],\"inLanguage\":\"fr-FR\"},{\"@type\":\"ImageObject\",\"@id\":\"http:\/\/www.bagasutra.com\/?product=debranche-tout-revenons-a-nous-vegetal-anthracite#primaryimage\",\"inLanguage\":\"fr-FR\",\"url\":\"https:\/\/i1.wp.com\/www.bagasutra.com\/wp-content\/uploads\/2016\/01\/BAGaSUTRA-cuir-vegetal-gris-DTV.jpg?fit=600%2C600\",\"width\":600,\"height\":600,\"caption\":\"BAGaSUTRA-cuir-vegetal-gris-DTV\"},{\"@type\":\"WebPage\",\"@id\":\"http:\/\/www.bagasutra.com\/?product=debranche-tout-revenons-a-nous-vegetal-anthracite#webpage\",\"url\":\"http:\/\/www.bagasutra.com\/?product=debranche-tout-revenons-a-nous-vegetal-anthracite\",\"name\":\"DEBRANCHE TOUT v\\u00e9g\\u00e9tal anthracite - BAGaSUTRA\",\"isPartOf\":{\"@id\":\"http:\/\/www.bagasutra.com\/?lang=en\/#website\"},\"primaryImageOfPage\":{\"@id\":\"http:\/\/www.bagasutra.com\/?product=debranche-tout-revenons-a-nous-vegetal-anthracite#primaryimage\"},\"datePublished\":\"2015-10-12T14:15:37+00:00\",\"dateModified\":\"2022-06-27T13:23:10+00:00\",\"description\":\"DEBRANCHE TOUT (REVENONS A NOUS) est une pochette en cuir additionnable de la marque BAGaSUTRA.\",\"inLanguage\":\"fr-FR\",\"potentialAction\":[{\"@type\":\"ReadAction\",\"target\":[\"http:\/\/www.bagasutra.com\/?product=debranche-tout-revenons-a-nous-vegetal-anthracite\"]}]}]}<\/script>\n<!-- \/ Yoast SEO plugin. -->","jetpack_sharing_enabled":true,"jetpack-related-posts":[],"_links":{"self":[{"href":"http:\/\/www.bagasutra.com\/index.php?rest_route=\/wp\/v2\/product\/174"}],"collection":[{"href":"http:\/\/www.bagasutra.com\/index.php?rest_route=\/wp\/v2\/product"}],"about":[{"href":"http:\/\/www.bagasutra.com\/index.php?rest_route=\/wp\/v2\/types\/product"}],"replies":[{"embeddable":true,"href":"http:\/\/www.bagasutra.com\/index.php?rest_route=%2Fwp%2Fv2%2Fcomments&post=174"}],"wp:featuredmedia":[{"embeddable":true,"href":"http:\/\/www.bagasutra.com\/index.php?rest_route=\/wp\/v2\/media\/948"}],"wp:attachment":[{"href":"http:\/\/www.bagasutra.com\/index.php?rest_route=%2Fwp%2Fv2%2Fmedia&parent=174"}],"curies":[{"name":"wp","href":"https:\/\/api.w.org\/{rel}","templated":true}]}}