{"id":157,"date":"2015-10-16T12:07:01","date_gmt":"2015-10-16T11:07:01","guid":{"rendered":"http:\/\/www.bagasutra.com\/?post_type=product&#038;p=157"},"modified":"2022-06-27T13:43:37","modified_gmt":"2022-06-27T12:43:37","slug":"prends-garde-a-toi-cuir-chevre-vert-amande","status":"publish","type":"product","link":"http:\/\/www.bagasutra.com\/?product=prends-garde-a-toi-cuir-chevre-vert-amande","title":{"rendered":"PRENDS GARDE A TOI cuir ch\u00e8vre vert amande"},"content":{"rendered":"<p dir=\"LTR\" align=\"LEFT\">Dimensions 8*15 cm avec rabat et double soufflet<\/p>\n<p dir=\"LTR\" align=\"LEFT\">Fermeture s\u00e9curis\u00e9e par \u00e9lastique<\/p>\n<p dir=\"LTR\" align=\"LEFT\">Cuir ch\u00e8vre vert amande<\/p>\n<p dir=\"LTR\" align=\"LEFT\">Ref PGAT\/ CH vert amande<\/p>\n<p dir=\"LTR\" align=\"LEFT\">Son +: ouverte, elle peut contenir un parapluie ou un journal; ferm\u00e9e, elle offre une s\u00e9curit\u00e9 optimale pour vos lunettes ou t\u00e9l\u00e9phone.<\/p>\n<p dir=\"LTR\" align=\"LEFT\">\u00a0<\/p>\n","protected":false},"excerpt":{"rendered":"<p>Dimensions 8*15 cm avec rabat et double soufflet Fermeture s\u00e9curis\u00e9e par \u00e9lastique Cuir ch\u00e8vre vert amande Ref PGAT\/ CH vert amande Son +: ouverte, elle peut contenir un parapluie ou un journal;<a class=\"moretag\" href=\"http:\/\/www.bagasutra.com\/?product=prends-garde-a-toi-cuir-chevre-vert-amande\">Read More&#8230;<\/a><\/p>\n","protected":false},"featured_media":970,"comment_status":"closed","ping_status":"closed","template":"","meta":{"spay_email":"","jetpack_publicize_message":"","jetpack_is_tweetstorm":false},"jetpack_publicize_connections":[],"yoast_head":"<!-- This site is optimized with the Yoast SEO plugin v15.4 - https:\/\/yoast.com\/wordpress\/plugins\/seo\/ -->\n<title>PRENDS GARDE A TOI ch\u00e8vre vert amande - BAGaSUTRA<\/title>\n<meta name=\"description\" content=\"PRENDS GARDE A TOI est une pochette en cuir additionnable de la marque BAGaSUTRA.\" \/>\n<meta name=\"robots\" content=\"index, follow, max-snippet:-1, max-image-preview:large, max-video-preview:-1\" \/>\n<link rel=\"canonical\" href=\"https:\/\/www.bagasutra.com\/?product=prends-garde-a-toi-cuir-chevre-vert-amande\" \/>\n<meta property=\"og:locale\" content=\"fr_FR\" \/>\n<meta property=\"og:type\" content=\"article\" \/>\n<meta property=\"og:title\" content=\"PRENDS GARDE A TOI ch\u00e8vre vert amande - BAGaSUTRA\" \/>\n<meta property=\"og:description\" content=\"PRENDS GARDE A TOI est une pochette en cuir additionnable de la marque BAGaSUTRA.\" \/>\n<meta property=\"og:url\" content=\"https:\/\/www.bagasutra.com\/?product=prends-garde-a-toi-cuir-chevre-vert-amande\" \/>\n<meta property=\"og:site_name\" content=\"Bagasutra Paris\" \/>\n<meta property=\"article:publisher\" content=\"https:\/\/www.facebook.com\/Bagasutra-1613332955615983\" \/>\n<meta property=\"article:modified_time\" content=\"2022-06-27T12:43:37+00:00\" \/>\n<meta property=\"og:image\" content=\"https:\/\/i0.wp.com\/www.bagasutra.com\/wp-content\/uploads\/2016\/01\/BAGaSUTRA-cuir-daim-vert-PGTVFjpg.jpg?fit=600%2C600\" \/>\n\t<meta property=\"og:image:width\" content=\"600\" \/>\n\t<meta property=\"og:image:height\" content=\"600\" \/>\n<meta name=\"twitter:card\" content=\"summary\" \/>\n<meta name=\"twitter:label1\" content=\"\u00c9crit par\">\n\t<meta name=\"twitter:data1\" content=\"Catherine\">\n\t<meta name=\"twitter:label2\" content=\"Dur\u00e9e de lecture est.\">\n\t<meta name=\"twitter:data2\" content=\"0 minute\">\n<script type=\"application\/ld+json\" class=\"yoast-schema-graph\">{\"@context\":\"https:\/\/schema.org\",\"@graph\":[{\"@type\":\"WebSite\",\"@id\":\"http:\/\/www.bagasutra.com\/?lang=en\/#website\",\"url\":\"http:\/\/www.bagasutra.com\/?lang=en\/\",\"name\":\"Bagasutra Paris\",\"description\":\"BAGaSUTRA n&#039;est pas le sac d&#039;un seul soir\",\"potentialAction\":[{\"@type\":\"SearchAction\",\"target\":\"http:\/\/www.bagasutra.com\/?lang=en\/?s={search_term_string}\",\"query-input\":\"required name=search_term_string\"}],\"inLanguage\":\"fr-FR\"},{\"@type\":\"ImageObject\",\"@id\":\"https:\/\/www.bagasutra.com\/?product=prends-garde-a-toi-cuir-chevre-vert-amande#primaryimage\",\"inLanguage\":\"fr-FR\",\"url\":\"https:\/\/i0.wp.com\/www.bagasutra.com\/wp-content\/uploads\/2016\/01\/BAGaSUTRA-cuir-daim-vert-PGTVFjpg.jpg?fit=600%2C600\",\"width\":600,\"height\":600,\"caption\":\"BAGaSUTRA-cuir-daim-vert-PGTVFjpg\"},{\"@type\":\"WebPage\",\"@id\":\"https:\/\/www.bagasutra.com\/?product=prends-garde-a-toi-cuir-chevre-vert-amande#webpage\",\"url\":\"https:\/\/www.bagasutra.com\/?product=prends-garde-a-toi-cuir-chevre-vert-amande\",\"name\":\"PRENDS GARDE A TOI ch\\u00e8vre vert amande - BAGaSUTRA\",\"isPartOf\":{\"@id\":\"http:\/\/www.bagasutra.com\/?lang=en\/#website\"},\"primaryImageOfPage\":{\"@id\":\"https:\/\/www.bagasutra.com\/?product=prends-garde-a-toi-cuir-chevre-vert-amande#primaryimage\"},\"datePublished\":\"2015-10-16T11:07:01+00:00\",\"dateModified\":\"2022-06-27T12:43:37+00:00\",\"description\":\"PRENDS GARDE A TOI est une pochette en cuir additionnable de la marque BAGaSUTRA.\",\"inLanguage\":\"fr-FR\",\"potentialAction\":[{\"@type\":\"ReadAction\",\"target\":[\"https:\/\/www.bagasutra.com\/?product=prends-garde-a-toi-cuir-chevre-vert-amande\"]}]}]}<\/script>\n<!-- \/ Yoast SEO plugin. -->","jetpack_sharing_enabled":true,"jetpack-related-posts":[],"_links":{"self":[{"href":"http:\/\/www.bagasutra.com\/index.php?rest_route=\/wp\/v2\/product\/157"}],"collection":[{"href":"http:\/\/www.bagasutra.com\/index.php?rest_route=\/wp\/v2\/product"}],"about":[{"href":"http:\/\/www.bagasutra.com\/index.php?rest_route=\/wp\/v2\/types\/product"}],"replies":[{"embeddable":true,"href":"http:\/\/www.bagasutra.com\/index.php?rest_route=%2Fwp%2Fv2%2Fcomments&post=157"}],"wp:featuredmedia":[{"embeddable":true,"href":"http:\/\/www.bagasutra.com\/index.php?rest_route=\/wp\/v2\/media\/970"}],"wp:attachment":[{"href":"http:\/\/www.bagasutra.com\/index.php?rest_route=%2Fwp%2Fv2%2Fmedia&parent=157"}],"curies":[{"name":"wp","href":"https:\/\/api.w.org\/{rel}","templated":true}]}}