{"id":1456,"date":"2016-03-11T14:21:55","date_gmt":"2016-03-11T13:21:55","guid":{"rendered":"http:\/\/www.bagasutra.com\/?post_type=product&#038;p=1456"},"modified":"2020-09-15T16:40:47","modified_gmt":"2020-09-15T15:40:47","slug":"miroir-cuir-violine-rose-couture","status":"publish","type":"product","link":"http:\/\/www.bagasutra.com\/?product=miroir-cuir-violine-rose-couture","title":{"rendered":"LE MIROIR cuir violine rose COUTURE"},"content":{"rendered":"<p>Pochette SOURIEZ-MOI<\/p>\n<p>Dimensions 9*12 cm<\/p>\n<p>Cuir vachette violine, tannage v\u00e9g\u00e9tal<\/p>\n<p>+<\/p>\n<p>Pochette RENDEZ-VOUS (avec la lune)<\/p>\n<p dir=\"LTR\" align=\"LEFT\">Dimensions 25*19 cm<\/p>\n<p dir=\"LTR\" align=\"LEFT\">Fermeture zip<\/p>\n<p dir=\"LTR\" align=\"LEFT\">Cuir vachette violine, tannage v\u00e9g\u00e9tal<\/p>\n<p dir=\"LTR\" align=\"LEFT\">+<\/p>\n<p>Pochette RENDEZ-VOUS (avec la lune)<\/p>\n<p dir=\"LTR\" align=\"LEFT\">Dimensions 25*19 cm<\/p>\n<p dir=\"LTR\" align=\"LEFT\">Fermeture zip<\/p>\n<p dir=\"LTR\" align=\"LEFT\">Cuir vachette \u00e0 poils ras rose<\/p>\n<p dir=\"LTR\" align=\"LEFT\">\u00a0<\/p>\n<p dir=\"LTR\" align=\"LEFT\">Ref P3: SM\/ VE violine + RVAL\/ VE violine + RVAL\/ VAPR rose<\/p>\n<p dir=\"LTR\" align=\"LEFT\">\u00a0<\/p>\n","protected":false},"excerpt":{"rendered":"<p>Pochette SOURIEZ-MOI Dimensions 9*12 cm Cuir vachette violine, tannage v\u00e9g\u00e9tal + Pochette RENDEZ-VOUS (avec la lune) Dimensions 25*19 cm Fermeture zip Cuir vachette violine, tannage v\u00e9g\u00e9tal + Pochette RENDEZ-VOUS (avec la lune)<a class=\"moretag\" href=\"http:\/\/www.bagasutra.com\/?product=miroir-cuir-violine-rose-couture\">Read More&#8230;<\/a><\/p>\n","protected":false},"featured_media":1427,"comment_status":"closed","ping_status":"closed","template":"","meta":{"spay_email":"","jetpack_publicize_message":"","jetpack_is_tweetstorm":false},"jetpack_publicize_connections":[],"yoast_head":"<!-- This site is optimized with the Yoast SEO plugin v15.4 - https:\/\/yoast.com\/wordpress\/plugins\/seo\/ -->\n<title>LE MIROIR cuir violine rose COUTURE- BAGASUTRA<\/title>\n<meta name=\"robots\" content=\"index, follow, max-snippet:-1, max-image-preview:large, max-video-preview:-1\" \/>\n<link rel=\"canonical\" href=\"http:\/\/www.bagasutra.com\/?product=miroir-cuir-violine-rose-couture\" \/>\n<meta property=\"og:locale\" content=\"fr_FR\" \/>\n<meta property=\"og:type\" content=\"article\" \/>\n<meta property=\"og:title\" content=\"LE MIROIR cuir violine rose COUTURE- BAGASUTRA\" \/>\n<meta property=\"og:description\" content=\"Pochette SOURIEZ-MOI Dimensions 9*12 cm Cuir vachette violine, tannage v\u00e9g\u00e9tal + Pochette RENDEZ-VOUS (avec la lune) Dimensions 25*19 cm Fermeture zip Cuir vachette violine, tannage v\u00e9g\u00e9tal + Pochette RENDEZ-VOUS (avec la lune)Read More...\" \/>\n<meta property=\"og:url\" content=\"http:\/\/www.bagasutra.com\/?product=miroir-cuir-violine-rose-couture\" \/>\n<meta property=\"og:site_name\" content=\"Bagasutra Paris\" \/>\n<meta property=\"article:publisher\" content=\"https:\/\/www.facebook.com\/Bagasutra-1613332955615983\" \/>\n<meta property=\"article:modified_time\" content=\"2020-09-15T15:40:47+00:00\" \/>\n<meta property=\"og:image\" content=\"https:\/\/i0.wp.com\/www.bagasutra.com\/wp-content\/uploads\/2016\/03\/BAGaSUTRA-pochettes-couture-portees.jpg?fit=600%2C600\" \/>\n\t<meta property=\"og:image:width\" content=\"600\" \/>\n\t<meta property=\"og:image:height\" content=\"600\" \/>\n<meta name=\"twitter:card\" content=\"summary\" \/>\n<meta name=\"twitter:label1\" content=\"\u00c9crit par\">\n\t<meta name=\"twitter:data1\" content=\"Catherine\">\n\t<meta name=\"twitter:label2\" content=\"Dur\u00e9e de lecture est.\">\n\t<meta name=\"twitter:data2\" content=\"0 minute\">\n<script type=\"application\/ld+json\" class=\"yoast-schema-graph\">{\"@context\":\"https:\/\/schema.org\",\"@graph\":[{\"@type\":\"WebSite\",\"@id\":\"http:\/\/www.bagasutra.com\/#website\",\"url\":\"http:\/\/www.bagasutra.com\/\",\"name\":\"Bagasutra Paris\",\"description\":\"BAGaSUTRA n&#039;est pas le sac d&#039;un seul soir\",\"potentialAction\":[{\"@type\":\"SearchAction\",\"target\":\"http:\/\/www.bagasutra.com\/?s={search_term_string}\",\"query-input\":\"required name=search_term_string\"}],\"inLanguage\":\"fr-FR\"},{\"@type\":\"ImageObject\",\"@id\":\"http:\/\/www.bagasutra.com\/?product=miroir-cuir-violine-rose-couture#primaryimage\",\"inLanguage\":\"fr-FR\",\"url\":\"https:\/\/i0.wp.com\/www.bagasutra.com\/wp-content\/uploads\/2016\/03\/BAGaSUTRA-pochettes-couture-portees.jpg?fit=600%2C600\",\"width\":600,\"height\":600,\"caption\":\"BAGaSUTRA-pochettes-couture-portees\"},{\"@type\":\"WebPage\",\"@id\":\"http:\/\/www.bagasutra.com\/?product=miroir-cuir-violine-rose-couture#webpage\",\"url\":\"http:\/\/www.bagasutra.com\/?product=miroir-cuir-violine-rose-couture\",\"name\":\"LE MIROIR cuir violine rose COUTURE- BAGASUTRA\",\"isPartOf\":{\"@id\":\"http:\/\/www.bagasutra.com\/#website\"},\"primaryImageOfPage\":{\"@id\":\"http:\/\/www.bagasutra.com\/?product=miroir-cuir-violine-rose-couture#primaryimage\"},\"datePublished\":\"2016-03-11T13:21:55+00:00\",\"dateModified\":\"2020-09-15T15:40:47+00:00\",\"inLanguage\":\"fr-FR\",\"potentialAction\":[{\"@type\":\"ReadAction\",\"target\":[\"http:\/\/www.bagasutra.com\/?product=miroir-cuir-violine-rose-couture\"]}]}]}<\/script>\n<!-- \/ Yoast SEO plugin. -->","jetpack_sharing_enabled":true,"jetpack-related-posts":[],"_links":{"self":[{"href":"http:\/\/www.bagasutra.com\/index.php?rest_route=\/wp\/v2\/product\/1456"}],"collection":[{"href":"http:\/\/www.bagasutra.com\/index.php?rest_route=\/wp\/v2\/product"}],"about":[{"href":"http:\/\/www.bagasutra.com\/index.php?rest_route=\/wp\/v2\/types\/product"}],"replies":[{"embeddable":true,"href":"http:\/\/www.bagasutra.com\/index.php?rest_route=%2Fwp%2Fv2%2Fcomments&post=1456"}],"wp:featuredmedia":[{"embeddable":true,"href":"http:\/\/www.bagasutra.com\/index.php?rest_route=\/wp\/v2\/media\/1427"}],"wp:attachment":[{"href":"http:\/\/www.bagasutra.com\/index.php?rest_route=%2Fwp%2Fv2%2Fmedia&parent=1456"}],"curies":[{"name":"wp","href":"https:\/\/api.w.org\/{rel}","templated":true}]}}