{"id":1358,"date":"2016-03-14T09:10:12","date_gmt":"2016-03-14T08:10:12","guid":{"rendered":"http:\/\/www.bagasutra.com\/?post_type=product&#038;p=1358"},"modified":"2020-09-15T16:38:58","modified_gmt":"2020-09-15T15:38:58","slug":"carre-cuir-graphique-noir-blanc","status":"publish","type":"product","link":"http:\/\/www.bagasutra.com\/?product=carre-cuir-graphique-noir-blanc","title":{"rendered":"LE CARRE cuir graphique noir &#038; blanc"},"content":{"rendered":"<p>Pochette PRENDS GARDE A TOI<\/p>\n<p dir=\"LTR\" align=\"LEFT\">Dimensions 8*15 cm avec rabat et double soufflet<\/p>\n<p dir=\"LTR\" align=\"LEFT\">Fermeture s\u00e9curis\u00e9e par \u00e9lastique<\/p>\n<p dir=\"LTR\" align=\"LEFT\">Cuir vachette psych\u00e9d\u00e9lique<\/p>\n<p dir=\"LTR\" align=\"LEFT\">+<\/p>\n<p dir=\"LTR\" align=\"LEFT\">Pochette RENDEZ-VOUS (avec la lune)<\/p>\n<p dir=\"LTR\" align=\"LEFT\">Dimensions 25*19 cm<\/p>\n<p dir=\"LTR\" align=\"LEFT\">Fermeture zip<\/p>\n<p dir=\"LTR\" align=\"LEFT\">Cuir vachette \u00e0 poils ras pois noir et blanc<\/p>\n<p dir=\"LTR\" align=\"LEFT\">+<\/p>\n<p dir=\"LTR\" align=\"LEFT\">Pochette EMMENE-MOI (\u00e0 NY avec toi)<\/p>\n<p dir=\"LTR\" align=\"LEFT\">Dimensions 30*30 cm avec un soufflet<\/p>\n<p dir=\"LTR\" align=\"LEFT\">Fermeture zip<\/p>\n<p dir=\"LTR\" align=\"LEFT\">Cuir pleine fleur vachette grain\u00e9e noir<\/p>\n<p dir=\"LTR\" align=\"LEFT\">\u00a0<\/p>\n<p dir=\"LTR\" align=\"LEFT\">Ref P3: PGAT\/ VA psych\u00e9 + RVAL\/ VAPR pois + EMNY\/ VA noir + L\/ VA noir<\/p>\n","protected":false},"excerpt":{"rendered":"<p>Pochette PRENDS GARDE A TOI Dimensions 8*15 cm avec rabat et double soufflet Fermeture s\u00e9curis\u00e9e par \u00e9lastique Cuir vachette psych\u00e9d\u00e9lique + Pochette RENDEZ-VOUS (avec la lune) Dimensions 25*19 cm Fermeture zip Cuir<a class=\"moretag\" href=\"http:\/\/www.bagasutra.com\/?product=carre-cuir-graphique-noir-blanc\">Read More&#8230;<\/a><\/p>\n","protected":false},"featured_media":1662,"comment_status":"closed","ping_status":"closed","template":"","meta":{"spay_email":"","jetpack_publicize_message":"","jetpack_is_tweetstorm":false},"jetpack_publicize_connections":[],"yoast_head":"<!-- This site is optimized with the Yoast SEO plugin v15.4 - https:\/\/yoast.com\/wordpress\/plugins\/seo\/ -->\n<title>LE CARRE cuir graphique noir &amp; blanc - BAGaSUTRA<\/title>\n<meta name=\"robots\" content=\"index, follow, max-snippet:-1, max-image-preview:large, max-video-preview:-1\" \/>\n<link rel=\"canonical\" href=\"http:\/\/www.bagasutra.com\/?product=carre-cuir-graphique-noir-blanc\" \/>\n<meta property=\"og:locale\" content=\"fr_FR\" \/>\n<meta property=\"og:type\" content=\"article\" \/>\n<meta property=\"og:title\" content=\"LE CARRE cuir graphique noir &amp; blanc - BAGaSUTRA\" \/>\n<meta property=\"og:description\" content=\"Pochette PRENDS GARDE A TOI Dimensions 8*15 cm avec rabat et double soufflet Fermeture s\u00e9curis\u00e9e par \u00e9lastique Cuir vachette psych\u00e9d\u00e9lique + Pochette RENDEZ-VOUS (avec la lune) Dimensions 25*19 cm Fermeture zip CuirRead More...\" \/>\n<meta property=\"og:url\" content=\"http:\/\/www.bagasutra.com\/?product=carre-cuir-graphique-noir-blanc\" \/>\n<meta property=\"og:site_name\" content=\"Bagasutra Paris\" \/>\n<meta property=\"article:publisher\" content=\"https:\/\/www.facebook.com\/Bagasutra-1613332955615983\" \/>\n<meta property=\"article:modified_time\" content=\"2020-09-15T15:38:58+00:00\" \/>\n<meta property=\"og:image\" content=\"https:\/\/i0.wp.com\/www.bagasutra.com\/wp-content\/uploads\/2016\/03\/BAGaSUTRA-graphic.jpg?fit=700%2C700\" \/>\n\t<meta property=\"og:image:width\" content=\"700\" \/>\n\t<meta property=\"og:image:height\" content=\"700\" \/>\n<meta name=\"twitter:card\" content=\"summary\" \/>\n<meta name=\"twitter:label1\" content=\"\u00c9crit par\">\n\t<meta name=\"twitter:data1\" content=\"Catherine\">\n\t<meta name=\"twitter:label2\" content=\"Dur\u00e9e de lecture est.\">\n\t<meta name=\"twitter:data2\" content=\"0 minute\">\n<script type=\"application\/ld+json\" class=\"yoast-schema-graph\">{\"@context\":\"https:\/\/schema.org\",\"@graph\":[{\"@type\":\"WebSite\",\"@id\":\"http:\/\/www.bagasutra.com\/?lang=en\/#website\",\"url\":\"http:\/\/www.bagasutra.com\/?lang=en\/\",\"name\":\"Bagasutra Paris\",\"description\":\"BAGaSUTRA n&#039;est pas le sac d&#039;un seul soir\",\"potentialAction\":[{\"@type\":\"SearchAction\",\"target\":\"http:\/\/www.bagasutra.com\/?lang=en\/?s={search_term_string}\",\"query-input\":\"required name=search_term_string\"}],\"inLanguage\":\"fr-FR\"},{\"@type\":\"ImageObject\",\"@id\":\"http:\/\/www.bagasutra.com\/?product=carre-cuir-graphique-noir-blanc#primaryimage\",\"inLanguage\":\"fr-FR\",\"url\":\"https:\/\/i0.wp.com\/www.bagasutra.com\/wp-content\/uploads\/2016\/03\/BAGaSUTRA-graphic.jpg?fit=700%2C700\",\"width\":700,\"height\":700,\"caption\":\"BAGaSUTRA-graphic\"},{\"@type\":\"WebPage\",\"@id\":\"http:\/\/www.bagasutra.com\/?product=carre-cuir-graphique-noir-blanc#webpage\",\"url\":\"http:\/\/www.bagasutra.com\/?product=carre-cuir-graphique-noir-blanc\",\"name\":\"LE CARRE cuir graphique noir & blanc - BAGaSUTRA\",\"isPartOf\":{\"@id\":\"http:\/\/www.bagasutra.com\/?lang=en\/#website\"},\"primaryImageOfPage\":{\"@id\":\"http:\/\/www.bagasutra.com\/?product=carre-cuir-graphique-noir-blanc#primaryimage\"},\"datePublished\":\"2016-03-14T08:10:12+00:00\",\"dateModified\":\"2020-09-15T15:38:58+00:00\",\"inLanguage\":\"fr-FR\",\"potentialAction\":[{\"@type\":\"ReadAction\",\"target\":[\"http:\/\/www.bagasutra.com\/?product=carre-cuir-graphique-noir-blanc\"]}]}]}<\/script>\n<!-- \/ Yoast SEO plugin. -->","jetpack_sharing_enabled":true,"jetpack-related-posts":[],"_links":{"self":[{"href":"http:\/\/www.bagasutra.com\/index.php?rest_route=\/wp\/v2\/product\/1358"}],"collection":[{"href":"http:\/\/www.bagasutra.com\/index.php?rest_route=\/wp\/v2\/product"}],"about":[{"href":"http:\/\/www.bagasutra.com\/index.php?rest_route=\/wp\/v2\/types\/product"}],"replies":[{"embeddable":true,"href":"http:\/\/www.bagasutra.com\/index.php?rest_route=%2Fwp%2Fv2%2Fcomments&post=1358"}],"wp:featuredmedia":[{"embeddable":true,"href":"http:\/\/www.bagasutra.com\/index.php?rest_route=\/wp\/v2\/media\/1662"}],"wp:attachment":[{"href":"http:\/\/www.bagasutra.com\/index.php?rest_route=%2Fwp%2Fv2%2Fmedia&parent=1358"}],"curies":[{"name":"wp","href":"https:\/\/api.w.org\/{rel}","templated":true}]}}