{"id":1329,"date":"2016-02-26T15:42:16","date_gmt":"2016-02-26T14:42:16","guid":{"rendered":"http:\/\/www.bagasutra.com\/?post_type=product&#038;p=1329"},"modified":"2022-06-27T13:11:58","modified_gmt":"2022-06-27T12:11:58","slug":"pole-position-cuir-vegetal-vert-marine","status":"publish","type":"product","link":"http:\/\/www.bagasutra.com\/?product=pole-position-cuir-vegetal-vert-marine","title":{"rendered":"LA POLE POSITION cuir v\u00e9g\u00e9tal vert marine"},"content":{"rendered":"<p dir=\"LTR\" align=\"LEFT\">Pochette RENDEZ-VOUS (avec la lune)<\/p>\n<p dir=\"LTR\" align=\"LEFT\">Dimensions 25*19 cm<\/p>\n<p dir=\"LTR\" align=\"LEFT\">Fermeture zip<\/p>\n<p dir=\"LTR\" align=\"LEFT\">Cuir vachette vert, tannage v\u00e9g\u00e9tal<\/p>\n<p dir=\"LTR\" align=\"LEFT\">+<\/p>\n<p dir=\"LTR\" align=\"LEFT\">Pochette DEBRANCHE TOUT (revenons \u00e0 nous)<\/p>\n<p dir=\"LTR\" align=\"LEFT\">Dimensions 27*20,5 cm avec rabat<\/p>\n<p dir=\"LTR\" align=\"LEFT\">Cuir vachette marine, tannage v\u00e9g\u00e9tal<\/p>\n<p dir=\"LTR\" align=\"LEFT\">\u00a0<\/p>\n<p dir=\"LTR\" align=\"LEFT\">Ref P2: RVAL\/ VE vert+ DTRN\/ VE marine<\/p>\n","protected":false},"excerpt":{"rendered":"<p>Pochette RENDEZ-VOUS (avec la lune) Dimensions 25*19 cm Fermeture zip Cuir vachette vert, tannage v\u00e9g\u00e9tal + Pochette DEBRANCHE TOUT (revenons \u00e0 nous) Dimensions 27*20,5 cm avec rabat Cuir vachette marine, tannage v\u00e9g\u00e9tal<a class=\"moretag\" href=\"http:\/\/www.bagasutra.com\/?product=pole-position-cuir-vegetal-vert-marine\">Read More&#8230;<\/a><\/p>\n","protected":false},"featured_media":1318,"comment_status":"closed","ping_status":"closed","template":"","meta":{"spay_email":"","jetpack_publicize_message":"","jetpack_is_tweetstorm":false},"jetpack_publicize_connections":[],"yoast_head":"<!-- This site is optimized with the Yoast SEO plugin v15.4 - https:\/\/yoast.com\/wordpress\/plugins\/seo\/ -->\n<title>POLE POSITION cuir vert marine - BAGaSUTRA<\/title>\n<meta name=\"robots\" content=\"index, follow, max-snippet:-1, max-image-preview:large, max-video-preview:-1\" \/>\n<link rel=\"canonical\" href=\"https:\/\/www.bagasutra.com\/?product=pole-position-cuir-vegetal-vert-marine\" \/>\n<meta property=\"og:locale\" content=\"fr_FR\" \/>\n<meta property=\"og:type\" content=\"article\" \/>\n<meta property=\"og:title\" content=\"POLE POSITION cuir vert marine - BAGaSUTRA\" \/>\n<meta property=\"og:description\" content=\"Pochette RENDEZ-VOUS (avec la lune) Dimensions 25*19 cm Fermeture zip Cuir vachette vert, tannage v\u00e9g\u00e9tal + Pochette DEBRANCHE TOUT (revenons \u00e0 nous) Dimensions 27*20,5 cm avec rabat Cuir vachette marine, tannage v\u00e9g\u00e9talRead More...\" \/>\n<meta property=\"og:url\" content=\"https:\/\/www.bagasutra.com\/?product=pole-position-cuir-vegetal-vert-marine\" \/>\n<meta property=\"og:site_name\" content=\"Bagasutra Paris\" \/>\n<meta property=\"article:publisher\" content=\"https:\/\/www.facebook.com\/Bagasutra-1613332955615983\" \/>\n<meta property=\"article:modified_time\" content=\"2022-06-27T12:11:58+00:00\" \/>\n<meta property=\"og:image\" content=\"https:\/\/i1.wp.com\/www.bagasutra.com\/wp-content\/uploads\/2016\/02\/BAGaSUTRA-marine-vert-PDTV-RVV.jpg?fit=600%2C600\" \/>\n\t<meta property=\"og:image:width\" content=\"600\" \/>\n\t<meta property=\"og:image:height\" content=\"600\" \/>\n<meta name=\"twitter:card\" content=\"summary\" \/>\n<meta name=\"twitter:label1\" content=\"\u00c9crit par\">\n\t<meta name=\"twitter:data1\" content=\"Catherine\">\n\t<meta name=\"twitter:label2\" content=\"Dur\u00e9e de lecture est.\">\n\t<meta name=\"twitter:data2\" content=\"0 minute\">\n<script type=\"application\/ld+json\" class=\"yoast-schema-graph\">{\"@context\":\"https:\/\/schema.org\",\"@graph\":[{\"@type\":\"WebSite\",\"@id\":\"http:\/\/www.bagasutra.com\/?lang=en\/#website\",\"url\":\"http:\/\/www.bagasutra.com\/?lang=en\/\",\"name\":\"Bagasutra Paris\",\"description\":\"BAGaSUTRA n&#039;est pas le sac d&#039;un seul soir\",\"potentialAction\":[{\"@type\":\"SearchAction\",\"target\":\"http:\/\/www.bagasutra.com\/?lang=en\/?s={search_term_string}\",\"query-input\":\"required name=search_term_string\"}],\"inLanguage\":\"fr-FR\"},{\"@type\":\"ImageObject\",\"@id\":\"https:\/\/www.bagasutra.com\/?product=pole-position-cuir-vegetal-vert-marine#primaryimage\",\"inLanguage\":\"fr-FR\",\"url\":\"https:\/\/i1.wp.com\/www.bagasutra.com\/wp-content\/uploads\/2016\/02\/BAGaSUTRA-marine-vert-PDTV-RVV.jpg?fit=600%2C600\",\"width\":600,\"height\":600,\"caption\":\"BAGaSUTRA-marine-vert-PDTV-RVV\"},{\"@type\":\"WebPage\",\"@id\":\"https:\/\/www.bagasutra.com\/?product=pole-position-cuir-vegetal-vert-marine#webpage\",\"url\":\"https:\/\/www.bagasutra.com\/?product=pole-position-cuir-vegetal-vert-marine\",\"name\":\"POLE POSITION cuir vert marine - BAGaSUTRA\",\"isPartOf\":{\"@id\":\"http:\/\/www.bagasutra.com\/?lang=en\/#website\"},\"primaryImageOfPage\":{\"@id\":\"https:\/\/www.bagasutra.com\/?product=pole-position-cuir-vegetal-vert-marine#primaryimage\"},\"datePublished\":\"2016-02-26T14:42:16+00:00\",\"dateModified\":\"2022-06-27T12:11:58+00:00\",\"inLanguage\":\"fr-FR\",\"potentialAction\":[{\"@type\":\"ReadAction\",\"target\":[\"https:\/\/www.bagasutra.com\/?product=pole-position-cuir-vegetal-vert-marine\"]}]}]}<\/script>\n<!-- \/ Yoast SEO plugin. -->","jetpack_sharing_enabled":true,"jetpack-related-posts":[],"_links":{"self":[{"href":"http:\/\/www.bagasutra.com\/index.php?rest_route=\/wp\/v2\/product\/1329"}],"collection":[{"href":"http:\/\/www.bagasutra.com\/index.php?rest_route=\/wp\/v2\/product"}],"about":[{"href":"http:\/\/www.bagasutra.com\/index.php?rest_route=\/wp\/v2\/types\/product"}],"replies":[{"embeddable":true,"href":"http:\/\/www.bagasutra.com\/index.php?rest_route=%2Fwp%2Fv2%2Fcomments&post=1329"}],"wp:featuredmedia":[{"embeddable":true,"href":"http:\/\/www.bagasutra.com\/index.php?rest_route=\/wp\/v2\/media\/1318"}],"wp:attachment":[{"href":"http:\/\/www.bagasutra.com\/index.php?rest_route=%2Fwp%2Fv2%2Fmedia&parent=1329"}],"curies":[{"name":"wp","href":"https:\/\/api.w.org\/{rel}","templated":true}]}}