{"id":1088,"date":"2016-02-07T14:16:06","date_gmt":"2016-02-07T13:16:06","guid":{"rendered":"http:\/\/www.bagasutra.com\/?post_type=product&#038;p=1088"},"modified":"2020-09-15T16:47:37","modified_gmt":"2020-09-15T15:47:37","slug":"carre-main-agneau-facon-python-amande","status":"publish","type":"product","link":"http:\/\/www.bagasutra.com\/?product=carre-main-agneau-facon-python-amande","title":{"rendered":"LE CARRE MAIN agneau fa\u00e7on python amande"},"content":{"rendered":"<p>Pochette PRENDS GARDE A TOI<\/p>\n<p dir=\"LTR\" align=\"LEFT\">Dimensions 8*15 cm avec rabat et double soufflet<\/p>\n<p dir=\"LTR\" align=\"LEFT\">Fermeture s\u00e9curis\u00e9e par \u00e9lastique<\/p>\n<p dir=\"LTR\" align=\"LEFT\">Cuir ch\u00e8vre vert amande<\/p>\n<p dir=\"LTR\" align=\"LEFT\">+<\/p>\n<p dir=\"LTR\" align=\"LEFT\">Pochette EMMENE-MOI (\u00e0 NY avec toi)<\/p>\n<p dir=\"LTR\" align=\"LEFT\">Dimensions 30*30 cm avec un soufflet<\/p>\n<p dir=\"LTR\" align=\"LEFT\">Fermeture zip<\/p>\n<p dir=\"LTR\" align=\"LEFT\">Cuir agneau fa\u00e7on python vert<\/p>\n<p dir=\"LTR\" align=\"LEFT\">\u00a0<\/p>\n<p dir=\"LTR\" align=\"LEFT\">Ref P2: PGAT\/ CH vert amande + EMNY\/A python<\/p>\n<p>&nbsp;<\/p>\n","protected":false},"excerpt":{"rendered":"<p><a href=\"http:\/\/www.bagasutra.com\/wp-content\/uploads\/2016\/03\/BAGaSUTRA-facon-python-dain-vert-demo.jpg\" rel=\"attachment wp-att-1642\"><img loading=\"lazy\" class=\"alignnone size-medium wp-image-1642\" src=\"http:\/\/www.bagasutra.com\/wp-content\/uploads\/2016\/03\/BAGaSUTRA-facon-python-dain-vert-demo-300x300.jpg\" alt=\"BAGaSUTRA-facon-python-ch\u00e8vre-vert-demo\" width=\"300\" height=\"300\" srcset=\"https:\/\/i1.wp.com\/www.bagasutra.com\/wp-content\/uploads\/2016\/03\/BAGaSUTRA-facon-python-dain-vert-demo.jpg?resize=300%2C300 300w, https:\/\/i1.wp.com\/www.bagasutra.com\/wp-content\/uploads\/2016\/03\/BAGaSUTRA-facon-python-dain-vert-demo.jpg?resize=150%2C150 150w, https:\/\/i1.wp.com\/www.bagasutra.com\/wp-content\/uploads\/2016\/03\/BAGaSUTRA-facon-python-dain-vert-demo.jpg?resize=180%2C180 180w, https:\/\/i1.wp.com\/www.bagasutra.com\/wp-content\/uploads\/2016\/03\/BAGaSUTRA-facon-python-dain-vert-demo.jpg?w=600 600w\" sizes=\"(max-width: 300px) 100vw, 300px\" \/><\/a><\/p>\n","protected":false},"featured_media":1160,"comment_status":"closed","ping_status":"closed","template":"","meta":{"spay_email":"","jetpack_publicize_message":"","jetpack_is_tweetstorm":false},"jetpack_publicize_connections":[],"yoast_head":"<!-- This site is optimized with the Yoast SEO plugin v15.4 - https:\/\/yoast.com\/wordpress\/plugins\/seo\/ -->\n<title>LE CARRE MAIN agneau fa\u00e7on python amande - BAGaSUTRA<\/title>\n<meta name=\"robots\" content=\"index, follow, max-snippet:-1, max-image-preview:large, max-video-preview:-1\" \/>\n<link rel=\"canonical\" href=\"https:\/\/www.bagasutra.com\/?product=carre-main-agneau-facon-python-amande\" \/>\n<meta property=\"og:locale\" content=\"fr_FR\" \/>\n<meta property=\"og:type\" content=\"article\" \/>\n<meta property=\"og:title\" content=\"LE CARRE MAIN agneau fa\u00e7on python amande - BAGaSUTRA\" \/>\n<meta property=\"og:url\" content=\"https:\/\/www.bagasutra.com\/?product=carre-main-agneau-facon-python-amande\" \/>\n<meta property=\"og:site_name\" content=\"Bagasutra Paris\" \/>\n<meta property=\"article:publisher\" content=\"https:\/\/www.facebook.com\/Bagasutra-1613332955615983\" \/>\n<meta property=\"article:modified_time\" content=\"2020-09-15T15:47:37+00:00\" \/>\n<meta property=\"og:image\" content=\"https:\/\/i2.wp.com\/www.bagasutra.com\/wp-content\/uploads\/2016\/02\/New-York-vert-NYFetPG.jpg?fit=600%2C600\" \/>\n\t<meta property=\"og:image:width\" content=\"600\" \/>\n\t<meta property=\"og:image:height\" content=\"600\" \/>\n<meta name=\"twitter:card\" content=\"summary\" \/>\n<meta name=\"twitter:label1\" content=\"\u00c9crit par\">\n\t<meta name=\"twitter:data1\" content=\"Catherine\">\n\t<meta name=\"twitter:label2\" content=\"Dur\u00e9e de lecture est.\">\n\t<meta name=\"twitter:data2\" content=\"0 minute\">\n<script type=\"application\/ld+json\" class=\"yoast-schema-graph\">{\"@context\":\"https:\/\/schema.org\",\"@graph\":[{\"@type\":\"WebSite\",\"@id\":\"http:\/\/www.bagasutra.com\/?lang=en\/#website\",\"url\":\"http:\/\/www.bagasutra.com\/?lang=en\/\",\"name\":\"Bagasutra Paris\",\"description\":\"BAGaSUTRA n&#039;est pas le sac d&#039;un seul soir\",\"potentialAction\":[{\"@type\":\"SearchAction\",\"target\":\"http:\/\/www.bagasutra.com\/?lang=en\/?s={search_term_string}\",\"query-input\":\"required name=search_term_string\"}],\"inLanguage\":\"fr-FR\"},{\"@type\":\"ImageObject\",\"@id\":\"https:\/\/www.bagasutra.com\/?product=carre-main-agneau-facon-python-amande#primaryimage\",\"inLanguage\":\"fr-FR\",\"url\":\"https:\/\/i2.wp.com\/www.bagasutra.com\/wp-content\/uploads\/2016\/02\/New-York-vert-NYFetPG.jpg?fit=600%2C600\",\"width\":600,\"height\":600,\"caption\":\"New-York-vert-NYFetPG\"},{\"@type\":\"WebPage\",\"@id\":\"https:\/\/www.bagasutra.com\/?product=carre-main-agneau-facon-python-amande#webpage\",\"url\":\"https:\/\/www.bagasutra.com\/?product=carre-main-agneau-facon-python-amande\",\"name\":\"LE CARRE MAIN agneau fa\\u00e7on python amande - BAGaSUTRA\",\"isPartOf\":{\"@id\":\"http:\/\/www.bagasutra.com\/?lang=en\/#website\"},\"primaryImageOfPage\":{\"@id\":\"https:\/\/www.bagasutra.com\/?product=carre-main-agneau-facon-python-amande#primaryimage\"},\"datePublished\":\"2016-02-07T13:16:06+00:00\",\"dateModified\":\"2020-09-15T15:47:37+00:00\",\"inLanguage\":\"fr-FR\",\"potentialAction\":[{\"@type\":\"ReadAction\",\"target\":[\"https:\/\/www.bagasutra.com\/?product=carre-main-agneau-facon-python-amande\"]}]}]}<\/script>\n<!-- \/ Yoast SEO plugin. -->","jetpack_sharing_enabled":true,"jetpack-related-posts":[],"_links":{"self":[{"href":"http:\/\/www.bagasutra.com\/index.php?rest_route=\/wp\/v2\/product\/1088"}],"collection":[{"href":"http:\/\/www.bagasutra.com\/index.php?rest_route=\/wp\/v2\/product"}],"about":[{"href":"http:\/\/www.bagasutra.com\/index.php?rest_route=\/wp\/v2\/types\/product"}],"replies":[{"embeddable":true,"href":"http:\/\/www.bagasutra.com\/index.php?rest_route=%2Fwp%2Fv2%2Fcomments&post=1088"}],"wp:featuredmedia":[{"embeddable":true,"href":"http:\/\/www.bagasutra.com\/index.php?rest_route=\/wp\/v2\/media\/1160"}],"wp:attachment":[{"href":"http:\/\/www.bagasutra.com\/index.php?rest_route=%2Fwp%2Fv2%2Fmedia&parent=1088"}],"curies":[{"name":"wp","href":"https:\/\/api.w.org\/{rel}","templated":true}]}}