{"id":1230,"date":"2016-02-16T14:34:42","date_gmt":"2016-02-16T13:34:42","guid":{"rendered":"http:\/\/www.bagasutra.com\/?page_id=1230"},"modified":"2016-03-30T09:47:30","modified_gmt":"2016-03-30T08:47:30","slug":"lhistoire","status":"publish","type":"page","link":"http:\/\/www.bagasutra.com\/?page_id=1230","title":{"rendered":"L&#8217;histoire"},"content":{"rendered":"<p style=\"text-align: center;\" align=\"LEFT\">\u00a0<\/p>\n<p align=\"LEFT\"><span style=\"font-family: Calibri, sans-serif;\"><span style=\"font-size: medium;\">Nous\u00a0pourrions vous raconter que la maison BAGaSUTRA a \u00e9t\u00e9 fond\u00e9e sur la Lune, \u00e0 proximit\u00e9 du crat\u00e8re n\u00b03\u00a0et qu&#8217;elle existe depuis que les homos sapiens s&#8217;aiment. Mais la v\u00e9rit\u00e9 toute nue, la voici:<\/span><\/span><\/p>\n<p align=\"LEFT\"><a href=\"https:\/\/i2.wp.com\/www.bagasutra.com\/wp-content\/uploads\/2015\/11\/Sans-titre-1.jpg\" rel=\"attachment wp-att-409\"><img data-attachment-id=\"409\" data-permalink=\"http:\/\/www.bagasutra.com\/?attachment_id=409\" data-orig-file=\"https:\/\/i2.wp.com\/www.bagasutra.com\/wp-content\/uploads\/2015\/11\/Sans-titre-1.jpg?fit=1920%2C900\" data-orig-size=\"1920,900\" data-comments-opened=\"0\" data-image-meta=\"{&quot;aperture&quot;:&quot;0&quot;,&quot;credit&quot;:&quot;&quot;,&quot;camera&quot;:&quot;&quot;,&quot;caption&quot;:&quot;&quot;,&quot;created_timestamp&quot;:&quot;0&quot;,&quot;copyright&quot;:&quot;&quot;,&quot;focal_length&quot;:&quot;0&quot;,&quot;iso&quot;:&quot;0&quot;,&quot;shutter_speed&quot;:&quot;0&quot;,&quot;title&quot;:&quot;&quot;,&quot;orientation&quot;:&quot;0&quot;}\" data-image-title=\"Sans-titre-1\" data-image-description=\"\" data-medium-file=\"https:\/\/i2.wp.com\/www.bagasutra.com\/wp-content\/uploads\/2015\/11\/Sans-titre-1.jpg?fit=300%2C141\" data-large-file=\"https:\/\/i2.wp.com\/www.bagasutra.com\/wp-content\/uploads\/2015\/11\/Sans-titre-1.jpg?fit=604%2C283\" loading=\"lazy\" class=\"alignnone wp-image-409 size-full\" src=\"https:\/\/i2.wp.com\/www.bagasutra.com\/wp-content\/uploads\/2015\/11\/Sans-titre-1.jpg?resize=604%2C283\" alt=\"Sans-titre-1\" width=\"604\" height=\"283\" srcset=\"https:\/\/i2.wp.com\/www.bagasutra.com\/wp-content\/uploads\/2015\/11\/Sans-titre-1.jpg?w=1920 1920w, https:\/\/i2.wp.com\/www.bagasutra.com\/wp-content\/uploads\/2015\/11\/Sans-titre-1.jpg?resize=300%2C141 300w, https:\/\/i2.wp.com\/www.bagasutra.com\/wp-content\/uploads\/2015\/11\/Sans-titre-1.jpg?resize=1024%2C480 1024w, https:\/\/i2.wp.com\/www.bagasutra.com\/wp-content\/uploads\/2015\/11\/Sans-titre-1.jpg?resize=600%2C281 600w, https:\/\/i2.wp.com\/www.bagasutra.com\/wp-content\/uploads\/2015\/11\/Sans-titre-1.jpg?w=1208 1208w, https:\/\/i2.wp.com\/www.bagasutra.com\/wp-content\/uploads\/2015\/11\/Sans-titre-1.jpg?w=1812 1812w\" sizes=\"(max-width: 604px) 100vw, 604px\" data-recalc-dims=\"1\" \/><\/a><\/p>\n<p align=\"LEFT\"><span style=\"font-family: Calibri, sans-serif;\"><span style=\"font-size: medium;\"><strong>Catherine<\/strong> est une <strong>amoureuse du cuir<\/strong>. Enfant, elle a su d\u00e9velopper cet amour du bout de ses doigts et aujourd&#8217;hui encore elle pr\u00e9f\u00e8re choisir ses cuirs les yeux ferm\u00e9s.<\/span><\/span><\/p>\n<p align=\"JUSTIFY\"><span style=\"font-family: Calibri, sans-serif;\"><span style=\"font-size: medium;\">Catherine est une <strong>sp\u00e9cialiste du sac en mouvement<\/strong>: <strong>Herm\u00e8s<\/strong>, <strong>Lancel<\/strong> et <strong>Delvaux<\/strong> l&#8217;ont choisie pour dessiner des mod\u00e8les de leurs collections. <\/span><\/span><\/p>\n<p align=\"JUSTIFY\"><span style=\"font-family: Calibri, sans-serif;\"><span style=\"font-size: medium;\">Catherine n&#8217;a de cesse de travailler sur le concept d&#8217;appropriation de leurs sacs par les femmes.\u00a0<strong>L&#8217;additionnable d\u00e9passe alors le modulable<\/strong> pour donner naissance au BAGaSUTRA, un concept novateur de pochettes additionnables taill\u00e9es dans des <strong>cuirs pleine fleur de la plus haute qualit\u00e9<\/strong>, permettant de cr\u00e9er des mod\u00e8les pens\u00e9s pour s&#8217;adapter \u00e0 tous les besoins et \u00e0 chaque occasion. Des jeux de pochettes \u00e0 associer, toujours diff\u00e9rents et dans l&#8217;air du temps!<\/span><\/span><\/p>\n<p align=\"JUSTIFY\"><span style=\"font-family: Calibri, sans-serif;\"><span style=\"font-size: medium;\"><strong>Constance<\/strong>, dipl\u00f4me d&#8217;<strong>avocat<\/strong> en poche, est aussi <strong>journaliste<\/strong>, <strong>globe-trotteuse<\/strong> et touche-\u00e0-tout. Elle bagasutre avec Catherine depuis leur rencontre. Chacune des pochettes BAGaSUTRA est le fruit de leurs r\u00e9flexions, r\u00e9unions, rendez-vous, fous rires et longs coups de fil. Elles les ont\u00a0chacune pens\u00e9es, test\u00e9es et\u00a0port\u00e9es.\u00a0<\/span><\/span><\/p>\n<p align=\"JUSTIFY\"><span style=\"font-family: Calibri, sans-serif;\"><span style=\"font-size: medium;\"><strong>Parce que le BAGaSUTRA n&#8217;est pas le sac d&#8217;un seul soir<\/strong>.<\/span><\/span><\/p>\n<p align=\"JUSTIFY\">\u00a0<\/p>\n<p style=\"text-align: center;\" align=\"JUSTIFY\">\u00a0<span style=\"font-family: Calibri, sans-serif;\"><span style=\"font-size: medium;\">Remerciements<\/span><\/span><\/p>\n<p align=\"JUSTIFY\"><span style=\"font-family: Calibri, sans-serif;\"><span style=\"font-size: medium;\">A\u00a0Philippe qui n&#8217;a pas son pareil pour\u00a0tourner des noms et\u00a0manier les\u00a0chiffres,\u00a0\u00e0 Bertrand l&#8217;entremetteur efficace,\u00a0\u00e0 Anne la supportrice\u00a0de toujours, \u00e0 Val\u00e9rie pour ses conseils d&#8217;experte du grand luxe,\u00a0\u00e0 Masayo et Michico pour leurs encouragements au Soleil-Levant, \u00e0 Mary-Anne et Chlo\u00e9 pour leurs lumi\u00e8res en plein jet-lag&#8230; et \u00e0 tous les BAGaSUTRaddicts!<\/span><\/span><\/p>\n<p align=\"JUSTIFY\">\u00a0<\/p>\n","protected":false},"excerpt":{"rendered":"<p>\u00a0 Nous\u00a0pourrions vous raconter que la maison BAGaSUTRA a \u00e9t\u00e9 fond\u00e9e sur la Lune, \u00e0 proximit\u00e9 du crat\u00e8re n\u00b03\u00a0et qu&#8217;elle existe depuis que les homos sapiens s&#8217;aiment. Mais la v\u00e9rit\u00e9 toute nue,<a class=\"moretag\" href=\"http:\/\/www.bagasutra.com\/?page_id=1230\">Read More&#8230;<\/a><\/p>\n","protected":false},"author":1,"featured_media":0,"parent":335,"menu_order":1,"comment_status":"closed","ping_status":"closed","template":"","meta":{"spay_email":""},"yoast_head":"<!-- This site is optimized with the Yoast SEO plugin v15.4 - https:\/\/yoast.com\/wordpress\/plugins\/seo\/ -->\n<title>L&#039;histoire - Bagasutra Paris<\/title>\n<meta name=\"robots\" content=\"index, follow, max-snippet:-1, max-image-preview:large, max-video-preview:-1\" \/>\n<link rel=\"canonical\" href=\"http:\/\/www.bagasutra.com\/?page_id=1230\" \/>\n<meta property=\"og:locale\" content=\"fr_FR\" \/>\n<meta property=\"og:type\" content=\"article\" \/>\n<meta property=\"og:title\" content=\"L&#039;histoire - Bagasutra Paris\" \/>\n<meta property=\"og:description\" content=\"\u00a0 Nous\u00a0pourrions vous raconter que la maison BAGaSUTRA a \u00e9t\u00e9 fond\u00e9e sur la Lune, \u00e0 proximit\u00e9 du crat\u00e8re n\u00b03\u00a0et qu&#8217;elle existe depuis que les homos sapiens s&#8217;aiment. Mais la v\u00e9rit\u00e9 toute nue,Read More...\" \/>\n<meta property=\"og:url\" content=\"http:\/\/www.bagasutra.com\/?page_id=1230\" \/>\n<meta property=\"og:site_name\" content=\"Bagasutra Paris\" \/>\n<meta property=\"article:publisher\" content=\"https:\/\/www.facebook.com\/Bagasutra-1613332955615983\" \/>\n<meta property=\"article:modified_time\" content=\"2016-03-30T08:47:30+00:00\" \/>\n<meta property=\"og:image\" content=\"http:\/\/www.bagasutra.com\/wp-content\/uploads\/2015\/11\/Sans-titre-1.jpg\" \/>\n<meta name=\"twitter:card\" content=\"summary\" \/>\n<meta name=\"twitter:label1\" content=\"\u00c9crit par\">\n\t<meta name=\"twitter:data1\" content=\"Catherine\">\n\t<meta name=\"twitter:label2\" content=\"Dur\u00e9e de lecture est.\">\n\t<meta name=\"twitter:data2\" content=\"1 minute\">\n<script type=\"application\/ld+json\" class=\"yoast-schema-graph\">{\"@context\":\"https:\/\/schema.org\",\"@graph\":[{\"@type\":\"WebSite\",\"@id\":\"http:\/\/www.bagasutra.com\/#website\",\"url\":\"http:\/\/www.bagasutra.com\/\",\"name\":\"Bagasutra Paris\",\"description\":\"BAGaSUTRA n&#039;est pas le sac d&#039;un seul soir\",\"potentialAction\":[{\"@type\":\"SearchAction\",\"target\":\"http:\/\/www.bagasutra.com\/?s={search_term_string}\",\"query-input\":\"required name=search_term_string\"}],\"inLanguage\":\"fr-FR\"},{\"@type\":\"ImageObject\",\"@id\":\"http:\/\/www.bagasutra.com\/?page_id=1230#primaryimage\",\"inLanguage\":\"fr-FR\",\"url\":\"https:\/\/i2.wp.com\/www.bagasutra.com\/wp-content\/uploads\/2015\/11\/Sans-titre-1.jpg?fit=1920%2C900\",\"width\":1920,\"height\":900,\"caption\":\"BAGaSUTRA-Paris-embosse\"},{\"@type\":\"WebPage\",\"@id\":\"http:\/\/www.bagasutra.com\/?page_id=1230#webpage\",\"url\":\"http:\/\/www.bagasutra.com\/?page_id=1230\",\"name\":\"L'histoire - Bagasutra Paris\",\"isPartOf\":{\"@id\":\"http:\/\/www.bagasutra.com\/#website\"},\"primaryImageOfPage\":{\"@id\":\"http:\/\/www.bagasutra.com\/?page_id=1230#primaryimage\"},\"datePublished\":\"2016-02-16T13:34:42+00:00\",\"dateModified\":\"2016-03-30T08:47:30+00:00\",\"inLanguage\":\"fr-FR\",\"potentialAction\":[{\"@type\":\"ReadAction\",\"target\":[\"http:\/\/www.bagasutra.com\/?page_id=1230\"]}]}]}<\/script>\n<!-- \/ Yoast SEO plugin. -->","jetpack_sharing_enabled":true,"jetpack_shortlink":"https:\/\/wp.me\/P6I14R-jQ","jetpack-related-posts":[],"_links":{"self":[{"href":"http:\/\/www.bagasutra.com\/index.php?rest_route=\/wp\/v2\/pages\/1230"}],"collection":[{"href":"http:\/\/www.bagasutra.com\/index.php?rest_route=\/wp\/v2\/pages"}],"about":[{"href":"http:\/\/www.bagasutra.com\/index.php?rest_route=\/wp\/v2\/types\/page"}],"author":[{"embeddable":true,"href":"http:\/\/www.bagasutra.com\/index.php?rest_route=\/wp\/v2\/users\/1"}],"replies":[{"embeddable":true,"href":"http:\/\/www.bagasutra.com\/index.php?rest_route=%2Fwp%2Fv2%2Fcomments&post=1230"}],"version-history":[{"count":13,"href":"http:\/\/www.bagasutra.com\/index.php?rest_route=\/wp\/v2\/pages\/1230\/revisions"}],"predecessor-version":[{"id":1653,"href":"http:\/\/www.bagasutra.com\/index.php?rest_route=\/wp\/v2\/pages\/1230\/revisions\/1653"}],"up":[{"embeddable":true,"href":"http:\/\/www.bagasutra.com\/index.php?rest_route=\/wp\/v2\/pages\/335"}],"wp:attachment":[{"href":"http:\/\/www.bagasutra.com\/index.php?rest_route=%2Fwp%2Fv2%2Fmedia&parent=1230"}],"curies":[{"name":"wp","href":"https:\/\/api.w.org\/{rel}","templated":true}]}}