{"id":11,"date":"2015-10-27T10:16:10","date_gmt":"2015-09-15T16:15:19","guid":{"rendered":"http:\/\/www.bagasutra.com\/?page_id=11"},"modified":"2016-06-02T13:20:29","modified_gmt":"2016-06-02T12:20:29","slug":"bagasutra","status":"publish","type":"page","link":"http:\/\/www.bagasutra.com\/?page_id=11","title":{"rendered":"BAGaSUTRa-b-c"},"content":{"rendered":"<p><strong>BAGaSUTRA<\/strong>\u00a0<em>n.m.<\/em> Pochette en cuir additionnable de diff\u00e9rentes couleurs et dimensions se pr\u00eatant \u00e0 toutes les positions.<\/p>\n<p> <strong>BAGaSUTRER<\/strong>\u00a0<em>v.intr.<\/em>\u00a0#1<em>: <\/em>Choisir un sac en cuir BAGaSUTRA<em> #2: <\/em>Y additionner des pochettes \u00e0 l&#8217;envi #3: S&#8217;amuser \u00e0 le porter \u00e0 l&#8217;\u00e9paule ou en besace, \u00e0 la main ou en dragonne, collier, tour de taille ou sac \u00e0 dos&#8230;<br \/>\u00a0<br \/> <strong>BAGaSUTREUR (SE)<\/strong><em>\u00a0n.m. ou n.f<\/em>\u00a0Personne s&#8217;amusant avec des pochettes BAGaSUTRA dans un cadre professionnel ou personnel.<\/p>\n<p><a href=\"https:\/\/i0.wp.com\/www.bagasutra.com\/wp-content\/uploads\/2016\/05\/ABC-proposition3.jpg\" rel=\"attachment wp-att-1833\"><img data-attachment-id=\"1833\" data-permalink=\"http:\/\/www.bagasutra.com\/?attachment_id=1833\" data-orig-file=\"https:\/\/i0.wp.com\/www.bagasutra.com\/wp-content\/uploads\/2016\/05\/ABC-proposition3-scaled.jpg?fit=3167%2C600\" data-orig-size=\"3167,600\" data-comments-opened=\"0\" data-image-meta=\"{&quot;aperture&quot;:&quot;0&quot;,&quot;credit&quot;:&quot;&quot;,&quot;camera&quot;:&quot;&quot;,&quot;caption&quot;:&quot;&quot;,&quot;created_timestamp&quot;:&quot;0&quot;,&quot;copyright&quot;:&quot;&quot;,&quot;focal_length&quot;:&quot;0&quot;,&quot;iso&quot;:&quot;0&quot;,&quot;shutter_speed&quot;:&quot;0&quot;,&quot;title&quot;:&quot;&quot;,&quot;orientation&quot;:&quot;0&quot;}\" data-image-title=\"ABC-proposition3\" data-image-description=\"\" data-medium-file=\"https:\/\/i0.wp.com\/www.bagasutra.com\/wp-content\/uploads\/2016\/05\/ABC-proposition3-scaled.jpg?fit=300%2C57\" data-large-file=\"https:\/\/i0.wp.com\/www.bagasutra.com\/wp-content\/uploads\/2016\/05\/ABC-proposition3-scaled.jpg?fit=604%2C114\" loading=\"lazy\" class=\"alignnone wp-image-1833 size-full\" src=\"https:\/\/i0.wp.com\/www.bagasutra.com\/wp-content\/uploads\/2016\/05\/ABC-proposition3.jpg?resize=604%2C114\" alt=\"ABC-proposition3\" width=\"604\" height=\"114\" srcset=\"https:\/\/i0.wp.com\/www.bagasutra.com\/wp-content\/uploads\/2016\/05\/ABC-proposition3-scaled.jpg?w=3167 3167w, https:\/\/i0.wp.com\/www.bagasutra.com\/wp-content\/uploads\/2016\/05\/ABC-proposition3-scaled.jpg?resize=300%2C57 300w, https:\/\/i0.wp.com\/www.bagasutra.com\/wp-content\/uploads\/2016\/05\/ABC-proposition3-scaled.jpg?resize=768%2C146 768w, https:\/\/i0.wp.com\/www.bagasutra.com\/wp-content\/uploads\/2016\/05\/ABC-proposition3-scaled.jpg?resize=1024%2C194 1024w, https:\/\/i0.wp.com\/www.bagasutra.com\/wp-content\/uploads\/2016\/05\/ABC-proposition3-scaled.jpg?resize=600%2C114 600w, https:\/\/i0.wp.com\/www.bagasutra.com\/wp-content\/uploads\/2016\/05\/ABC-proposition3.jpg?w=1208 1208w, https:\/\/i0.wp.com\/www.bagasutra.com\/wp-content\/uploads\/2016\/05\/ABC-proposition3.jpg?w=1812 1812w\" sizes=\"(max-width: 604px) 100vw, 604px\" data-recalc-dims=\"1\" \/><\/a><\/p>\n<p>&nbsp;<\/p>\n<p>&nbsp;<\/p>\n<p><strong>BAGaSUTRA-premiers pas <\/strong><em>n.m. Parce qu&#8217;il faut bien une premi\u00e8re fois ! <\/em><\/p>\n<p><strong>BAGaSUTRA-pas de deux <\/strong><em>n.m<\/em> <em>Pour celles et ceux qui savent d\u00e9j\u00e0\u00a0BAGaSUTRER\u00a0!<\/em><\/p>\n<p>&nbsp;<\/p>\n<p><a href=\"https:\/\/i2.wp.com\/www.bagasutra.com\/wp-content\/uploads\/2016\/05\/BAGaSUTRadditionnable-a-b-c.jpg\" rel=\"attachment wp-att-1829\"><img data-attachment-id=\"1829\" data-permalink=\"http:\/\/www.bagasutra.com\/?attachment_id=1829\" data-orig-file=\"https:\/\/i1.wp.com\/www.bagasutra.com\/wp-content\/uploads\/2016\/05\/BAGaSUTRadditionnable-a-b-c-scaled.jpg?fit=3167%2C600\" data-orig-size=\"3167,600\" data-comments-opened=\"0\" data-image-meta=\"{&quot;aperture&quot;:&quot;0&quot;,&quot;credit&quot;:&quot;&quot;,&quot;camera&quot;:&quot;&quot;,&quot;caption&quot;:&quot;&quot;,&quot;created_timestamp&quot;:&quot;0&quot;,&quot;copyright&quot;:&quot;&quot;,&quot;focal_length&quot;:&quot;0&quot;,&quot;iso&quot;:&quot;0&quot;,&quot;shutter_speed&quot;:&quot;0&quot;,&quot;title&quot;:&quot;&quot;,&quot;orientation&quot;:&quot;0&quot;}\" data-image-title=\"BAGaSUTRadditionnable-a-b-c\" data-image-description=\"\" data-medium-file=\"https:\/\/i1.wp.com\/www.bagasutra.com\/wp-content\/uploads\/2016\/05\/BAGaSUTRadditionnable-a-b-c-scaled.jpg?fit=300%2C57\" data-large-file=\"https:\/\/i1.wp.com\/www.bagasutra.com\/wp-content\/uploads\/2016\/05\/BAGaSUTRadditionnable-a-b-c-scaled.jpg?fit=604%2C114\" loading=\"lazy\" class=\"alignnone wp-image-1829 size-full\" src=\"https:\/\/i2.wp.com\/www.bagasutra.com\/wp-content\/uploads\/2016\/05\/BAGaSUTRadditionnable-a-b-c.jpg?resize=604%2C114\" alt=\"BAGaSUTRadditionnable-a-b-c\" width=\"604\" height=\"114\" srcset=\"https:\/\/i1.wp.com\/www.bagasutra.com\/wp-content\/uploads\/2016\/05\/BAGaSUTRadditionnable-a-b-c-scaled.jpg?w=3167 3167w, https:\/\/i1.wp.com\/www.bagasutra.com\/wp-content\/uploads\/2016\/05\/BAGaSUTRadditionnable-a-b-c-scaled.jpg?resize=300%2C57 300w, https:\/\/i1.wp.com\/www.bagasutra.com\/wp-content\/uploads\/2016\/05\/BAGaSUTRadditionnable-a-b-c-scaled.jpg?resize=768%2C146 768w, https:\/\/i1.wp.com\/www.bagasutra.com\/wp-content\/uploads\/2016\/05\/BAGaSUTRadditionnable-a-b-c-scaled.jpg?resize=1024%2C194 1024w, https:\/\/i1.wp.com\/www.bagasutra.com\/wp-content\/uploads\/2016\/05\/BAGaSUTRadditionnable-a-b-c-scaled.jpg?resize=600%2C114 600w, https:\/\/i2.wp.com\/www.bagasutra.com\/wp-content\/uploads\/2016\/05\/BAGaSUTRadditionnable-a-b-c.jpg?w=1208 1208w, https:\/\/i2.wp.com\/www.bagasutra.com\/wp-content\/uploads\/2016\/05\/BAGaSUTRadditionnable-a-b-c.jpg?w=1812 1812w\" sizes=\"(max-width: 604px) 100vw, 604px\" data-recalc-dims=\"1\" \/><\/a><\/p>\n<p>&nbsp;<\/p>\n<p>&nbsp;<\/p>\n<p><strong>BAGaSUTRA-gla-gla <\/strong><em>n.m.<\/em> Mod\u00e8le de pochette BAGaSUTRA en fourrure.<\/p>\n<p><strong>BAGaSUTRa-poil<\/strong> <em>n.m<\/em> Mod\u00e8le de pochette BAGaSUTRA en cuir \u00e0 poils ras.<\/p>\n<p>&nbsp;<\/p>\n<p><a href=\"https:\/\/i0.wp.com\/www.bagasutra.com\/wp-content\/uploads\/2016\/05\/BAGaSUTRa-la-la-a-b-c.jpg\" rel=\"attachment wp-att-1832\"><img data-attachment-id=\"1832\" data-permalink=\"http:\/\/www.bagasutra.com\/?attachment_id=1832\" data-orig-file=\"https:\/\/i0.wp.com\/www.bagasutra.com\/wp-content\/uploads\/2016\/05\/BAGaSUTRa-la-la-a-b-c-scaled.jpg?fit=3167%2C600\" data-orig-size=\"3167,600\" data-comments-opened=\"0\" data-image-meta=\"{&quot;aperture&quot;:&quot;0&quot;,&quot;credit&quot;:&quot;&quot;,&quot;camera&quot;:&quot;&quot;,&quot;caption&quot;:&quot;&quot;,&quot;created_timestamp&quot;:&quot;0&quot;,&quot;copyright&quot;:&quot;&quot;,&quot;focal_length&quot;:&quot;0&quot;,&quot;iso&quot;:&quot;0&quot;,&quot;shutter_speed&quot;:&quot;0&quot;,&quot;title&quot;:&quot;&quot;,&quot;orientation&quot;:&quot;0&quot;}\" data-image-title=\"BAGaSUTRa-la-la-a-b-c\" data-image-description=\"\" data-medium-file=\"https:\/\/i0.wp.com\/www.bagasutra.com\/wp-content\/uploads\/2016\/05\/BAGaSUTRa-la-la-a-b-c-scaled.jpg?fit=300%2C57\" data-large-file=\"https:\/\/i0.wp.com\/www.bagasutra.com\/wp-content\/uploads\/2016\/05\/BAGaSUTRa-la-la-a-b-c-scaled.jpg?fit=604%2C114\" loading=\"lazy\" class=\"alignnone wp-image-1832 size-full\" src=\"https:\/\/i0.wp.com\/www.bagasutra.com\/wp-content\/uploads\/2016\/05\/BAGaSUTRa-la-la-a-b-c.jpg?resize=604%2C114\" alt=\"BAGaSUTRa-la-la-a-b-c\" width=\"604\" height=\"114\" srcset=\"https:\/\/i0.wp.com\/www.bagasutra.com\/wp-content\/uploads\/2016\/05\/BAGaSUTRa-la-la-a-b-c-scaled.jpg?w=3167 3167w, https:\/\/i0.wp.com\/www.bagasutra.com\/wp-content\/uploads\/2016\/05\/BAGaSUTRa-la-la-a-b-c-scaled.jpg?resize=300%2C57 300w, https:\/\/i0.wp.com\/www.bagasutra.com\/wp-content\/uploads\/2016\/05\/BAGaSUTRa-la-la-a-b-c-scaled.jpg?resize=768%2C146 768w, https:\/\/i0.wp.com\/www.bagasutra.com\/wp-content\/uploads\/2016\/05\/BAGaSUTRa-la-la-a-b-c-scaled.jpg?resize=1024%2C194 1024w, https:\/\/i0.wp.com\/www.bagasutra.com\/wp-content\/uploads\/2016\/05\/BAGaSUTRa-la-la-a-b-c-scaled.jpg?resize=600%2C114 600w, https:\/\/i0.wp.com\/www.bagasutra.com\/wp-content\/uploads\/2016\/05\/BAGaSUTRa-la-la-a-b-c.jpg?w=1208 1208w, https:\/\/i0.wp.com\/www.bagasutra.com\/wp-content\/uploads\/2016\/05\/BAGaSUTRa-la-la-a-b-c.jpg?w=1812 1812w\" sizes=\"(max-width: 604px) 100vw, 604px\" data-recalc-dims=\"1\" \/><\/a><\/p>\n<p>&nbsp;<\/p>\n<p>&nbsp;<\/p>\n<p>\u200b<strong>BAG-\u00e0-la-patte<\/strong> <em>n.m. Pour rester bien attach\u00e9s !\u00a0 <\/em>El\u00e9ment permettant de combiner entre elles des pochettes en cuir BAGaSUTRA.<\/p>\n<p><strong>FIL-\u00e0-la-patte<\/strong> <em>n.m. Pour le tenir en laisse ! <\/em>Lani\u00e8re en cuir permettant de porter des pochettes en cuir BAGaSUTRA \u00e0 l&#8217;\u00e9paule ou en besace, en dragonne, en collier, en tour de taille ou en sac \u00e0 dos.<\/p>\n<p>&nbsp;<\/p>\n<p><a href=\"https:\/\/i0.wp.com\/www.bagasutra.com\/wp-content\/uploads\/2016\/05\/BAGaSUTRa-b-c-lune-de-miel.jpg\" rel=\"attachment wp-att-1831\"><img data-attachment-id=\"1831\" data-permalink=\"http:\/\/www.bagasutra.com\/?attachment_id=1831\" data-orig-file=\"https:\/\/i2.wp.com\/www.bagasutra.com\/wp-content\/uploads\/2016\/05\/BAGaSUTRa-b-c-lune-de-miel-scaled.jpg?fit=3167%2C600\" data-orig-size=\"3167,600\" data-comments-opened=\"0\" data-image-meta=\"{&quot;aperture&quot;:&quot;0&quot;,&quot;credit&quot;:&quot;&quot;,&quot;camera&quot;:&quot;&quot;,&quot;caption&quot;:&quot;&quot;,&quot;created_timestamp&quot;:&quot;0&quot;,&quot;copyright&quot;:&quot;&quot;,&quot;focal_length&quot;:&quot;0&quot;,&quot;iso&quot;:&quot;0&quot;,&quot;shutter_speed&quot;:&quot;0&quot;,&quot;title&quot;:&quot;&quot;,&quot;orientation&quot;:&quot;0&quot;}\" data-image-title=\"BAGaSUTRa-b-c-lune-de-miel\" data-image-description=\"\" data-medium-file=\"https:\/\/i2.wp.com\/www.bagasutra.com\/wp-content\/uploads\/2016\/05\/BAGaSUTRa-b-c-lune-de-miel-scaled.jpg?fit=300%2C57\" data-large-file=\"https:\/\/i2.wp.com\/www.bagasutra.com\/wp-content\/uploads\/2016\/05\/BAGaSUTRa-b-c-lune-de-miel-scaled.jpg?fit=604%2C114\" loading=\"lazy\" class=\"alignnone wp-image-1831 size-full\" src=\"https:\/\/i0.wp.com\/www.bagasutra.com\/wp-content\/uploads\/2016\/05\/BAGaSUTRa-b-c-lune-de-miel.jpg?resize=604%2C114\" alt=\"BAGaSUTRa-b-c-lune-de-miel\" width=\"604\" height=\"114\" srcset=\"https:\/\/i2.wp.com\/www.bagasutra.com\/wp-content\/uploads\/2016\/05\/BAGaSUTRa-b-c-lune-de-miel-scaled.jpg?w=3167 3167w, https:\/\/i2.wp.com\/www.bagasutra.com\/wp-content\/uploads\/2016\/05\/BAGaSUTRa-b-c-lune-de-miel-scaled.jpg?resize=300%2C57 300w, https:\/\/i2.wp.com\/www.bagasutra.com\/wp-content\/uploads\/2016\/05\/BAGaSUTRa-b-c-lune-de-miel-scaled.jpg?resize=768%2C146 768w, https:\/\/i2.wp.com\/www.bagasutra.com\/wp-content\/uploads\/2016\/05\/BAGaSUTRa-b-c-lune-de-miel-scaled.jpg?resize=1024%2C194 1024w, https:\/\/i2.wp.com\/www.bagasutra.com\/wp-content\/uploads\/2016\/05\/BAGaSUTRa-b-c-lune-de-miel-scaled.jpg?resize=600%2C114 600w, https:\/\/i0.wp.com\/www.bagasutra.com\/wp-content\/uploads\/2016\/05\/BAGaSUTRa-b-c-lune-de-miel.jpg?w=1208 1208w, https:\/\/i0.wp.com\/www.bagasutra.com\/wp-content\/uploads\/2016\/05\/BAGaSUTRa-b-c-lune-de-miel.jpg?w=1812 1812w\" sizes=\"(max-width: 604px) 100vw, 604px\" data-recalc-dims=\"1\" \/><\/a><\/p>\n<p>&nbsp;<\/p>\n<p>&nbsp;<\/p>\n<p><strong>BAGaSUTRA Paris <\/strong><em>n.prop. <\/em>Parce que Paris est la plus romantique et le lieu de naissance du BAGaSUTRA !<\/p>\n<p><strong>BAGaSUTRA.com<\/strong> <em>n.m.<\/em> <em>Vous y \u00eates !<\/em> Site internet de la marque de pochettes en cuir BAGaSUTRA.<\/p>\n<p><strong>BAGaSUTR-awesome <\/strong><em>onomatop\u00e9e<\/em>\u00a0 Ce que dit une Am\u00e9ricaine quand elle d\u00e9couvre le BAGaSUTRA !<\/p>\n<p>&nbsp;<\/p>\n<p><a href=\"https:\/\/i1.wp.com\/www.bagasutra.com\/wp-content\/uploads\/2016\/05\/BAGaSUTRa-b-c-pole-position.jpg\" rel=\"attachment wp-att-1830\"><img data-attachment-id=\"1830\" data-permalink=\"http:\/\/www.bagasutra.com\/?attachment_id=1830\" data-orig-file=\"https:\/\/i0.wp.com\/www.bagasutra.com\/wp-content\/uploads\/2016\/05\/BAGaSUTRa-b-c-pole-position-scaled.jpg?fit=3167%2C600\" data-orig-size=\"3167,600\" data-comments-opened=\"0\" data-image-meta=\"{&quot;aperture&quot;:&quot;0&quot;,&quot;credit&quot;:&quot;&quot;,&quot;camera&quot;:&quot;&quot;,&quot;caption&quot;:&quot;&quot;,&quot;created_timestamp&quot;:&quot;0&quot;,&quot;copyright&quot;:&quot;&quot;,&quot;focal_length&quot;:&quot;0&quot;,&quot;iso&quot;:&quot;0&quot;,&quot;shutter_speed&quot;:&quot;0&quot;,&quot;title&quot;:&quot;&quot;,&quot;orientation&quot;:&quot;0&quot;}\" data-image-title=\"BAGaSUTRa-b-c-pole-position\" data-image-description=\"\" data-medium-file=\"https:\/\/i0.wp.com\/www.bagasutra.com\/wp-content\/uploads\/2016\/05\/BAGaSUTRa-b-c-pole-position-scaled.jpg?fit=300%2C57\" data-large-file=\"https:\/\/i0.wp.com\/www.bagasutra.com\/wp-content\/uploads\/2016\/05\/BAGaSUTRa-b-c-pole-position-scaled.jpg?fit=604%2C114\" loading=\"lazy\" class=\"alignnone wp-image-1830 size-full\" src=\"https:\/\/i1.wp.com\/www.bagasutra.com\/wp-content\/uploads\/2016\/05\/BAGaSUTRa-b-c-pole-position.jpg?resize=604%2C114\" alt=\"BAGaSUTRa-b-c-pole-position\" width=\"604\" height=\"114\" srcset=\"https:\/\/i0.wp.com\/www.bagasutra.com\/wp-content\/uploads\/2016\/05\/BAGaSUTRa-b-c-pole-position-scaled.jpg?w=3167 3167w, https:\/\/i0.wp.com\/www.bagasutra.com\/wp-content\/uploads\/2016\/05\/BAGaSUTRa-b-c-pole-position-scaled.jpg?resize=300%2C57 300w, https:\/\/i0.wp.com\/www.bagasutra.com\/wp-content\/uploads\/2016\/05\/BAGaSUTRa-b-c-pole-position-scaled.jpg?resize=768%2C146 768w, https:\/\/i0.wp.com\/www.bagasutra.com\/wp-content\/uploads\/2016\/05\/BAGaSUTRa-b-c-pole-position-scaled.jpg?resize=1024%2C194 1024w, https:\/\/i0.wp.com\/www.bagasutra.com\/wp-content\/uploads\/2016\/05\/BAGaSUTRa-b-c-pole-position-scaled.jpg?resize=600%2C114 600w, https:\/\/i1.wp.com\/www.bagasutra.com\/wp-content\/uploads\/2016\/05\/BAGaSUTRa-b-c-pole-position.jpg?w=1208 1208w, https:\/\/i1.wp.com\/www.bagasutra.com\/wp-content\/uploads\/2016\/05\/BAGaSUTRa-b-c-pole-position.jpg?w=1812 1812w\" sizes=\"(max-width: 604px) 100vw, 604px\" data-recalc-dims=\"1\" \/><\/a><\/p>\n<p>&nbsp;<\/p>\n<p>&nbsp;<\/p>\n<p><strong>BAGaSUTRamicalement <\/strong><em>adv. <\/em>Formule de politesse utilis\u00e9e entre BAGaSUTREURS.<\/p>\n<p><strong>BAGaSUTRalement<\/strong> <em>adv. <\/em>Formule de politesse avant d&#8217;oser utiliser BAGaSUTRamicalement.<\/p>\n<p><strong>BAGaSUTRamoureusement<\/strong> <em>adv. <\/em>Formule s&#8217;utilisant dans l&#8217;intimit\u00e9.<\/p>\n<p><strong>BAGaSUTR-arch\u00e9type <em>n.m. <\/em><\/strong><em>antinomie <\/em>Chaque BAGaSUTREUR (EUSE) bagasutre de fa\u00e7on\u00a0si personnelle que chaque BAGaSUTRA est forc\u00e9ment unique.<\/p>\n","protected":false},"excerpt":{"rendered":"<p>BAGaSUTRA\u00a0n.m. Pochette en cuir additionnable de diff\u00e9rentes couleurs et dimensions se pr\u00eatant \u00e0 toutes les positions. BAGaSUTRER\u00a0v.intr.\u00a0#1: Choisir un sac en cuir BAGaSUTRA #2: Y additionner des pochettes \u00e0 l&#8217;envi #3: S&#8217;amuser<a class=\"moretag\" href=\"http:\/\/www.bagasutra.com\/?page_id=11\">Read More&#8230;<\/a><\/p>\n","protected":false},"author":1,"featured_media":0,"parent":0,"menu_order":0,"comment_status":"closed","ping_status":"closed","template":"page-sidebar.php","meta":{"spay_email":""},"yoast_head":"<!-- This site is optimized with the Yoast SEO plugin v15.4 - https:\/\/yoast.com\/wordpress\/plugins\/seo\/ -->\n<title>BAGaSUTRa-b-c - Bagasutra Paris<\/title>\n<meta name=\"description\" content=\"Mais alors, racontez! Il s&#039;appelle le BAGaSUTRA, il est intelligent, surprenant et sait satisfaire toutes vos envies de sacs.\" \/>\n<meta name=\"robots\" content=\"index, follow, max-snippet:-1, max-image-preview:large, max-video-preview:-1\" \/>\n<link rel=\"canonical\" href=\"http:\/\/www.bagasutra.com\/?page_id=11\" \/>\n<meta property=\"og:locale\" content=\"fr_FR\" \/>\n<meta property=\"og:type\" content=\"article\" \/>\n<meta property=\"og:title\" content=\"BAGaSUTRa-b-c - Bagasutra Paris\" \/>\n<meta property=\"og:description\" content=\"Mais alors, racontez! Il s&#039;appelle le BAGaSUTRA, il est intelligent, surprenant et sait satisfaire toutes vos envies de sacs.\" \/>\n<meta property=\"og:url\" content=\"http:\/\/www.bagasutra.com\/?page_id=11\" \/>\n<meta property=\"og:site_name\" content=\"Bagasutra Paris\" \/>\n<meta property=\"article:publisher\" content=\"https:\/\/www.facebook.com\/Bagasutra-1613332955615983\" \/>\n<meta property=\"article:modified_time\" content=\"2016-06-02T12:20:29+00:00\" \/>\n<meta property=\"og:image\" content=\"http:\/\/www.bagasutra.com\/wp-content\/uploads\/2016\/05\/ABC-proposition3.jpg\" \/>\n<meta name=\"twitter:card\" content=\"summary\" \/>\n<meta name=\"twitter:label1\" content=\"\u00c9crit par\">\n\t<meta name=\"twitter:data1\" content=\"Catherine\">\n\t<meta name=\"twitter:label2\" content=\"Dur\u00e9e de lecture est.\">\n\t<meta name=\"twitter:data2\" content=\"1 minute\">\n<script type=\"application\/ld+json\" class=\"yoast-schema-graph\">{\"@context\":\"https:\/\/schema.org\",\"@graph\":[{\"@type\":\"WebSite\",\"@id\":\"http:\/\/www.bagasutra.com\/#website\",\"url\":\"http:\/\/www.bagasutra.com\/\",\"name\":\"Bagasutra Paris\",\"description\":\"BAGaSUTRA n&#039;est pas le sac d&#039;un seul soir\",\"potentialAction\":[{\"@type\":\"SearchAction\",\"target\":\"http:\/\/www.bagasutra.com\/?s={search_term_string}\",\"query-input\":\"required name=search_term_string\"}],\"inLanguage\":\"fr-FR\"},{\"@type\":\"ImageObject\",\"@id\":\"http:\/\/www.bagasutra.com\/?page_id=11#primaryimage\",\"inLanguage\":\"fr-FR\",\"url\":\"http:\/\/www.bagasutra.com\/wp-content\/uploads\/2016\/05\/ABC-proposition3.jpg\"},{\"@type\":\"WebPage\",\"@id\":\"http:\/\/www.bagasutra.com\/?page_id=11#webpage\",\"url\":\"http:\/\/www.bagasutra.com\/?page_id=11\",\"name\":\"BAGaSUTRa-b-c - Bagasutra Paris\",\"isPartOf\":{\"@id\":\"http:\/\/www.bagasutra.com\/#website\"},\"primaryImageOfPage\":{\"@id\":\"http:\/\/www.bagasutra.com\/?page_id=11#primaryimage\"},\"datePublished\":\"2015-09-15T16:15:19+00:00\",\"dateModified\":\"2016-06-02T12:20:29+00:00\",\"description\":\"Mais alors, racontez! Il s'appelle le BAGaSUTRA, il est intelligent, surprenant et sait satisfaire toutes vos envies de sacs.\",\"inLanguage\":\"fr-FR\",\"potentialAction\":[{\"@type\":\"ReadAction\",\"target\":[\"http:\/\/www.bagasutra.com\/?page_id=11\"]}]}]}<\/script>\n<!-- \/ Yoast SEO plugin. -->","jetpack_sharing_enabled":true,"jetpack_shortlink":"https:\/\/wp.me\/P6I14R-b","jetpack-related-posts":[],"_links":{"self":[{"href":"http:\/\/www.bagasutra.com\/index.php?rest_route=\/wp\/v2\/pages\/11"}],"collection":[{"href":"http:\/\/www.bagasutra.com\/index.php?rest_route=\/wp\/v2\/pages"}],"about":[{"href":"http:\/\/www.bagasutra.com\/index.php?rest_route=\/wp\/v2\/types\/page"}],"author":[{"embeddable":true,"href":"http:\/\/www.bagasutra.com\/index.php?rest_route=\/wp\/v2\/users\/1"}],"replies":[{"embeddable":true,"href":"http:\/\/www.bagasutra.com\/index.php?rest_route=%2Fwp%2Fv2%2Fcomments&post=11"}],"version-history":[{"count":115,"href":"http:\/\/www.bagasutra.com\/index.php?rest_route=\/wp\/v2\/pages\/11\/revisions"}],"predecessor-version":[{"id":1842,"href":"http:\/\/www.bagasutra.com\/index.php?rest_route=\/wp\/v2\/pages\/11\/revisions\/1842"}],"wp:attachment":[{"href":"http:\/\/www.bagasutra.com\/index.php?rest_route=%2Fwp%2Fv2%2Fmedia&parent=11"}],"curies":[{"name":"wp","href":"https:\/\/api.w.org\/{rel}","templated":true}]}}